{"id":2408,"date":"2016-09-01T20:47:00","date_gmt":"2017-03-17T13:53:11","guid":{"rendered":"https:\/\/www.ossipercussion.com\/about-us\/"},"modified":"2018-12-27T21:36:03","modified_gmt":"2018-12-27T21:36:03","slug":"ueber-uns","status":"publish","type":"page","link":"https:\/\/www.ossipercussion.com\/de\/ueber-uns\/","title":{"rendered":"\u00dcber uns"},"content":{"rendered":"<div class=\"pullquote pullquote-center\">\n&#8220;Ein hochwertiges Instrument inspiriert! Das Gef\u00fchl, wenn man seine Lieblingstrommel spielt und nicht aufh\u00f6ren kann, ist der Ausgangspunkt f\u00fcr alles wir tun. Das m\u00f6chten wir mit unseren Kunden teilen.&#8221;<\/p>\n<figure id=\"attachment_2250\" class=\"thumbnail wp-caption alignright\" style=\"width: 200px\"><a href=\"https:\/\/www.ossipercussion.com\/wp-content\/uploads\/Ossi_Raippalinna_Percussion-2.jpg\"><img loading=\"lazy\" decoding=\"async\" class=\"wp-image-2250 size-medium\" src=\"https:\/\/www.ossipercussion.com\/wp-content\/uploads\/\/Ossi_Raippalinna_Percussion-2-200x300.jpg\" alt=\"\" width=\"200\" height=\"300\" srcset=\"https:\/\/www.ossipercussion.com\/wp-content\/uploads\/Ossi_Raippalinna_Percussion-2-200x300.jpg 200w, https:\/\/www.ossipercussion.com\/wp-content\/uploads\/Ossi_Raippalinna_Percussion-2-400x600.jpg 400w, https:\/\/www.ossipercussion.com\/wp-content\/uploads\/Ossi_Raippalinna_Percussion-2-600x900.jpg 600w, https:\/\/www.ossipercussion.com\/wp-content\/uploads\/Ossi_Raippalinna_Percussion-2.jpg 768w, https:\/\/www.ossipercussion.com\/wp-content\/uploads\/Ossi_Raippalinna_Percussion-2-683x1024.jpg 683w\" sizes=\"auto, (max-width: 200px) 100vw, 200px\" \/><\/a><figcaption class=\"caption wp-caption-text\">Trommelbauer Ossi Raippalinna<\/figcaption><\/figure>\n<p>-Trommelbauer <strong>Ossi Raippalinna<\/strong><\/div>\n<p><a href=\"https:\/\/youtu.be\/p6rlcPw0-Ns?list=PLM-WZqfP5YLBu7gsICht1WZ5mPXhdO-i1\" target=\"_blank\" rel=\"noopener\">VIDEO: Ossi Percussion: Wie alles begann&#8230;<\/a><\/p>\n<p><span lang=\"DE\"><strong>Wir bauen auf Tradition<\/strong><\/span><\/p>\n<p>Mit der <strong>Solid-shell-<\/strong>Herstellungsmethode beherzigen wir die Tradition, dass Trommeln, d.h. deren Klangk\u00f6rper, aus einem St\u00fcck Holz hergestellt werden, genauso wie die afrikanischen Originale. Auf diese Weise gefertigte Trommeln haben einen unversehrten, in sich geschlossenen Resonanzk\u00f6rper und erm\u00f6glichen es daher klare, volle und reine Kl\u00e4nge zu erzeugen.<\/p>\n<p><span lang=\"DE\"><strong>Gr\u00fcndliche Recherchen in der Trommelbau-Tradition<\/strong> und <strong>12 Jahre<\/strong> Produktentwicklung, in Zusammenarbeit mit Weltklasse-Perkussionisten garantieren, dass Sie ausschlie\u00dflich hochwertige Qualit\u00e4ts-Trommeln der h\u00f6chsten G\u00fcte angeboten bekommen.<\/span><\/p>\n<p><span lang=\"DE\"><strong>Finnische Handarbeit <\/strong>und die Verwendung von regionalen Holzarten machen unsere Produkte nicht nur sch\u00f6n, sondern auch nachhaltig und vor allem einzigartig.<\/span><\/p>\n<p><span lang=\"DE\"><strong>Alte Parkb\u00e4ume<\/strong> aus Helsinki bekommen bei Ossi Percussion eine neue Form und somit ein neues Leben. F\u00fcr den Trommelbau muss kein Baum gef\u00e4llt werden, wir verwenden nur Holz von B\u00e4umen, die gef\u00e4llt werden m\u00fcssen und sonst zur Energieproduktion verwendet werden.<\/span><\/p>\n<p><span lang=\"DE\"><strong>Nachhaltigkeit<\/strong> ist f\u00fcr uns eine klare Voraussetzung. Unser Konzept ist eine Alternative zum \u00fcberm\u00e4\u00dfigen Schlagen von Hartholzarten in s\u00fcdlicheren L\u00e4ndern. Finnisches Holz eignet sich mindestens genauso gut f\u00fcr den Trommelbau wie die traditionellen afrikanischen Arten. Im n\u00f6rdlichen Klima produzieren die Baumarten Ahorn, Ulme und Birke sehr dichtes Holz. Der fertige Klangk\u00f6rper wird vorzugsweise mit hochwertigen pflanzlichen \u00d6len und nat\u00fcrlichem Wachs behandelt. Auch die verwendeten Felle sind sorgf\u00e4ltig und mit Bedacht ausgew\u00e4hlt.<\/span><\/p>\n<p><span lang=\"DE\"><strong>Die Geschichte des Baumes:<\/strong> Wir k\u00f6nnen unseren Kunden genaue Information dar\u00fcber geben, wo die B\u00e4ume gewachsen sind, aus denen unsere Trommeln gefertigt wurden. Viele von unseren Trommeln wuchsen fr\u00fcher an historischen Orten in Helsinki und auch das Alter der B\u00e4ume ist meist bekannt.<\/span><\/p>\n<p><span lang=\"DE\"><strong>Ein genau festgelegter Herstellungsprozess<\/strong> und regelm\u00e4\u00dfige Qualit\u00e4tskontrollen garantieren, dass jede Trommel, die wir verkaufen, von h\u00f6chster Qualit\u00e4t ist.<\/span><\/p>\n<p><span lang=\"DE\"><strong>Unsere spezial-angefertigten Trommeln<\/strong> werden nach Ihrem individuellen Wunsch von unseren professionellen Instrumentenbauern handgefertigt.<\/span><\/p>\n\n\t\t<style type=\"text\/css\">\n\t\t\t#gallery-1 {\n\t\t\t\tmargin: auto;\n\t\t\t}\n\t\t\t#gallery-1 .gallery-item {\n\t\t\t\tfloat: left;\n\t\t\t\tmargin-top: 10px;\n\t\t\t\ttext-align: center;\n\t\t\t\twidth: 14%;\n\t\t\t}\n\t\t\t#gallery-1 img {\n\t\t\t\tborder: 2px solid #cfcfcf;\n\t\t\t}\n\t\t\t#gallery-1 .gallery-caption {\n\t\t\t\tmargin-left: 0;\n\t\t\t}\n\t\t\t\/* see gallery_shortcode() in wp-includes\/media.php *\/\n\t\t<\/style>\n\t\t<div id='gallery-1' class='gallery galleryid-2408 gallery-columns-7 gallery-size-thumbnail'><dl class='gallery-item'>\n\t\t\t<dt class='gallery-icon landscape'>\n\t\t\t\t<a class=\"thumbnail\" href='https:\/\/www.ossipercussion.com\/wp-content\/uploads\/WP_000792.jpg'><img loading=\"lazy\" decoding=\"async\" width=\"150\" height=\"150\" src=\"https:\/\/www.ossipercussion.com\/wp-content\/uploads\/WP_000792-150x150.jpg\" class=\"attachment-thumbnail size-thumbnail\" alt=\"\" srcset=\"https:\/\/www.ossipercussion.com\/wp-content\/uploads\/WP_000792-150x150.jpg 150w, https:\/\/www.ossipercussion.com\/wp-content\/uploads\/WP_000792-100x100.jpg 100w\" sizes=\"auto, (max-width: 150px) 100vw, 150px\" \/><\/a>\n\t\t\t<\/dt><\/dl><dl class='gallery-item'>\n\t\t\t<dt class='gallery-icon landscape'>\n\t\t\t\t<a class=\"thumbnail\" href='https:\/\/www.ossipercussion.com\/wp-content\/uploads\/op1.jpg'><img loading=\"lazy\" decoding=\"async\" width=\"150\" height=\"150\" src=\"https:\/\/www.ossipercussion.com\/wp-content\/uploads\/op1-150x150.jpg\" class=\"attachment-thumbnail size-thumbnail\" alt=\"\" srcset=\"https:\/\/www.ossipercussion.com\/wp-content\/uploads\/op1-150x150.jpg 150w, https:\/\/www.ossipercussion.com\/wp-content\/uploads\/op1-100x100.jpg 100w\" sizes=\"auto, (max-width: 150px) 100vw, 150px\" \/><\/a>\n\t\t\t<\/dt><\/dl><dl class='gallery-item'>\n\t\t\t<dt class='gallery-icon landscape'>\n\t\t\t\t<a class=\"thumbnail\" href='https:\/\/www.ossipercussion.com\/wp-content\/uploads\/2016\/09\/op3.jpg'><img loading=\"lazy\" decoding=\"async\" width=\"150\" height=\"150\" src=\"https:\/\/www.ossipercussion.com\/wp-content\/uploads\/2016\/09\/op3-150x150.jpg\" class=\"attachment-thumbnail size-thumbnail\" alt=\"\" srcset=\"https:\/\/www.ossipercussion.com\/wp-content\/uploads\/2016\/09\/op3-150x150.jpg 150w, https:\/\/www.ossipercussion.com\/wp-content\/uploads\/2016\/09\/op3-100x100.jpg 100w\" sizes=\"auto, (max-width: 150px) 100vw, 150px\" \/><\/a>\n\t\t\t<\/dt><\/dl><dl class='gallery-item'>\n\t\t\t<dt class='gallery-icon landscape'>\n\t\t\t\t<a class=\"thumbnail\" href='https:\/\/www.ossipercussion.com\/wp-content\/uploads\/Ossi-Percussion-5_kuvaaja_Cata_Portin-7.jpg'><img loading=\"lazy\" decoding=\"async\" width=\"150\" height=\"150\" src=\"https:\/\/www.ossipercussion.com\/wp-content\/uploads\/Ossi-Percussion-5_kuvaaja_Cata_Portin-7-150x150.jpg\" class=\"attachment-thumbnail size-thumbnail\" alt=\"\" aria-describedby=\"gallery-1-2569\" srcset=\"https:\/\/www.ossipercussion.com\/wp-content\/uploads\/Ossi-Percussion-5_kuvaaja_Cata_Portin-7-150x150.jpg 150w, https:\/\/www.ossipercussion.com\/wp-content\/uploads\/Ossi-Percussion-5_kuvaaja_Cata_Portin-7-100x100.jpg 100w\" sizes=\"auto, (max-width: 150px) 100vw, 150px\" \/><\/a>\n\t\t\t<\/dt>\n\t\t\t\t<dd class='wp-caption-text gallery-caption' id='gallery-1-2569'>\n\t\t\t\tPhoto: Cata Portin\n\t\t\t\t<\/dd><\/dl><dl class='gallery-item'>\n\t\t\t<dt class='gallery-icon portrait'>\n\t\t\t\t<a class=\"thumbnail\" href='https:\/\/www.ossipercussion.com\/wp-content\/uploads\/Ossi_Raippalinna_photo_Rio_Gandara-3-Large.jpg'><img loading=\"lazy\" decoding=\"async\" width=\"150\" height=\"150\" src=\"https:\/\/www.ossipercussion.com\/wp-content\/uploads\/Ossi_Raippalinna_photo_Rio_Gandara-3-Large-150x150.jpg\" class=\"attachment-thumbnail size-thumbnail\" alt=\"\" aria-describedby=\"gallery-1-3542\" srcset=\"https:\/\/www.ossipercussion.com\/wp-content\/uploads\/Ossi_Raippalinna_photo_Rio_Gandara-3-Large-150x150.jpg 150w, https:\/\/www.ossipercussion.com\/wp-content\/uploads\/Ossi_Raippalinna_photo_Rio_Gandara-3-Large-100x100.jpg 100w\" sizes=\"auto, (max-width: 150px) 100vw, 150px\" \/><\/a>\n\t\t\t<\/dt>\n\t\t\t\t<dd class='wp-caption-text gallery-caption' id='gallery-1-3542'>\n\t\t\t\tPhoto: Rio Gandara\n\t\t\t\t<\/dd><\/dl><dl class='gallery-item'>\n\t\t\t<dt class='gallery-icon portrait'>\n\t\t\t\t<a class=\"thumbnail\" href='https:\/\/www.ossipercussion.com\/wp-content\/uploads\/Ossi_Raippalinna_photo_Rio_Gandara-1-Custom-scaled.jpg'><img loading=\"lazy\" decoding=\"async\" width=\"150\" height=\"150\" src=\"https:\/\/www.ossipercussion.com\/wp-content\/uploads\/Ossi_Raippalinna_photo_Rio_Gandara-1-Custom-150x150.jpg\" class=\"attachment-thumbnail size-thumbnail\" alt=\"Photo: Rio Gandara \/ HS\" aria-describedby=\"gallery-1-3513\" srcset=\"https:\/\/www.ossipercussion.com\/wp-content\/uploads\/Ossi_Raippalinna_photo_Rio_Gandara-1-Custom-150x150.jpg 150w, https:\/\/www.ossipercussion.com\/wp-content\/uploads\/Ossi_Raippalinna_photo_Rio_Gandara-1-Custom-scaled-100x100.jpg 100w\" sizes=\"auto, (max-width: 150px) 100vw, 150px\" \/><\/a>\n\t\t\t<\/dt>\n\t\t\t\t<dd class='wp-caption-text gallery-caption' id='gallery-1-3513'>\n\t\t\t\tPhoto: Rio Gandara\n\t\t\t\t<\/dd><\/dl><dl class='gallery-item'>\n\t\t\t<dt class='gallery-icon portrait'>\n\t\t\t\t<a class=\"thumbnail\" href='https:\/\/www.ossipercussion.com\/wp-content\/uploads\/Tuukka_V\u00e4nsk\u00e4_drum_builder-scaled.jpg'><img loading=\"lazy\" decoding=\"async\" width=\"150\" height=\"150\" src=\"https:\/\/www.ossipercussion.com\/wp-content\/uploads\/Tuukka_V\u00e4nsk\u00e4_drum_builder-150x150.jpg\" class=\"attachment-thumbnail size-thumbnail\" alt=\"\" aria-describedby=\"gallery-1-3017\" srcset=\"https:\/\/www.ossipercussion.com\/wp-content\/uploads\/Tuukka_V\u00e4nsk\u00e4_drum_builder-150x150.jpg 150w, https:\/\/www.ossipercussion.com\/wp-content\/uploads\/Tuukka_V\u00e4nsk\u00e4_drum_builder-scaled-100x100.jpg 100w\" sizes=\"auto, (max-width: 150px) 100vw, 150px\" \/><\/a>\n\t\t\t<\/dt>\n\t\t\t\t<dd class='wp-caption-text gallery-caption' id='gallery-1-3017'>\n\t\t\t\tTrommelbauer Tuukka V\u00e4nsk\u00e4\n\t\t\t\t<\/dd><\/dl><br style=\"clear: both\" \/>\n\t\t<\/div>\n\n","protected":false},"excerpt":{"rendered":"<p>VIDEO: Ossi Percussion: Wie alles begann&#8230; Wir bauen auf Tradition Mit der Solid-shell-Herstellungsmethode beherzigen wir die Tradition, dass Trommeln, d.h. deren Klangk\u00f6rper, aus einem St\u00fcck Holz hergestellt werden, genauso wie die afrikanischen Originale. Auf diese Weise gefertigte Trommeln haben einen &hellip; <a href=\"https:\/\/www.ossipercussion.com\/de\/ueber-uns\/\">Weiter<\/a><\/p>\n","protected":false},"author":1,"featured_media":0,"parent":0,"menu_order":0,"comment_status":"closed","ping_status":"closed","template":"","meta":{"kt_blocks_editor_width":"","_monsterinsights_skip_tracking":false,"_monsterinsights_sitenote_active":false,"_monsterinsights_sitenote_note":"","_monsterinsights_sitenote_category":0,"footnotes":""},"class_list":["post-2408","page","type-page","status-publish","hentry"],"_links":{"self":[{"href":"https:\/\/www.ossipercussion.com\/de\/wp-json\/wp\/v2\/pages\/2408","targetHints":{"allow":["GET"]}}],"collection":[{"href":"https:\/\/www.ossipercussion.com\/de\/wp-json\/wp\/v2\/pages"}],"about":[{"href":"https:\/\/www.ossipercussion.com\/de\/wp-json\/wp\/v2\/types\/page"}],"author":[{"embeddable":true,"href":"https:\/\/www.ossipercussion.com\/de\/wp-json\/wp\/v2\/users\/1"}],"replies":[{"embeddable":true,"href":"https:\/\/www.ossipercussion.com\/de\/wp-json\/wp\/v2\/comments?post=2408"}],"version-history":[{"count":13,"href":"https:\/\/www.ossipercussion.com\/de\/wp-json\/wp\/v2\/pages\/2408\/revisions"}],"predecessor-version":[{"id":3783,"href":"https:\/\/www.ossipercussion.com\/de\/wp-json\/wp\/v2\/pages\/2408\/revisions\/3783"}],"wp:attachment":[{"href":"https:\/\/www.ossipercussion.com\/de\/wp-json\/wp\/v2\/media?parent=2408"}],"curies":[{"name":"wp","href":"https:\/\/api.w.org\/{rel}","templated":true}]}}