{"id":2511,"date":"2017-03-24T21:23:23","date_gmt":"2017-03-24T21:23:23","guid":{"rendered":"https:\/\/www.ossipercussion.com\/?page_id=2511\/"},"modified":"2018-12-27T21:27:08","modified_gmt":"2018-12-27T21:27:08","slug":"werte","status":"publish","type":"page","link":"https:\/\/www.ossipercussion.com\/de\/werte\/","title":{"rendered":"Werte"},"content":{"rendered":"<div class=\"pullquote pullquote-center\">\u201eIn der heutigen Zeit gibt es keinen \u00fcbersch\u00fcssigen Baum. Aus diesem Grund verwerten wir Holz, das gef\u00e4llt werden muss und ansonsten zu Brennholz verarbeitet werden w\u00fcrde. Aus Respekt vor den B\u00e4umen, die \u00e4lter sind als wir selbst, wollen wir das Leben des Baumes als Instrument noch verl\u00e4ngern.&#8221;<br \/>\n<\/div>\n<strong>Nachhaltigkeit<\/strong><br \/>\nTraditionell sollen Trommeln langlebig sein und daher auch von Generation zu Generation weitergereicht werden. Auch der Respekt vor den W\u00e4ldern und der Erde, die uns das Holz schenken ist eine alte Tradition. Unsere Trommeln bauen auf diese Traditionen auf.<\/p>\n<p><strong>Finnische Handarbeit<\/strong><br \/>\nUnsere Instrumente werden in Finnland, mit Geschick und Know-How, handgefertigt. Alle Komponenten sind sorgf\u00e4ltig ausgew\u00e4hlt.<\/p>\n<p><strong>Die Geschichte des Baumes<\/strong><br \/>\nJede unserer Trommeln hat eine eigene Seriennummer. Das bedeutet, dass Sie einsehen k\u00f6nnen woher und wie alt der Baum war, aus dem wir Ihre Trommel gefertigt haben.<\/p>\n<p><strong>Spezialanfertigungen<\/strong><br \/>\nWir sind sehr bem\u00fcht Ihnen genau die Trommel zu bieten, die Sie sich w\u00fcnschen. Spezialanfertigungen werden in enger Zusammenarbeit gefertigt. Ein pers\u00f6nlicher Kontakt ist daher sehr wichtig und wir bieten Ihnen unseren Service auch auf Deutsch an.<\/p>\n<p><strong>Wartung un Reperatur<\/strong><br \/>\nWir stehen Ihnen bei Reparationen und Unterhalt der Trommel immer zu Verf\u00fcgung. Professionalit\u00e4t ist unser h\u00f6chstes Gebot. Wir bieten Ihnen also einen umfassenden Reparatur- und Wartungsservice an.<\/p>\n\n\t\t<style type=\"text\/css\">\n\t\t\t#gallery-1 {\n\t\t\t\tmargin: auto;\n\t\t\t}\n\t\t\t#gallery-1 .gallery-item {\n\t\t\t\tfloat: left;\n\t\t\t\tmargin-top: 10px;\n\t\t\t\ttext-align: center;\n\t\t\t\twidth: 25%;\n\t\t\t}\n\t\t\t#gallery-1 img {\n\t\t\t\tborder: 2px solid #cfcfcf;\n\t\t\t}\n\t\t\t#gallery-1 .gallery-caption {\n\t\t\t\tmargin-left: 0;\n\t\t\t}\n\t\t\t\/* see gallery_shortcode() in wp-includes\/media.php *\/\n\t\t<\/style>\n\t\t<div id='gallery-1' class='gallery galleryid-2511 gallery-columns-4 gallery-size-thumbnail'><dl class='gallery-item'>\n\t\t\t<dt class='gallery-icon landscape'>\n\t\t\t\t<a class=\"thumbnail\" href='https:\/\/www.ossipercussion.com\/wp-content\/uploads\/Ossi_Raippalinna1.jpg'><img loading=\"lazy\" decoding=\"async\" width=\"150\" height=\"150\" src=\"https:\/\/www.ossipercussion.com\/wp-content\/uploads\/Ossi_Raippalinna1-150x150.jpg\" class=\"attachment-thumbnail size-thumbnail\" alt=\"\" aria-describedby=\"gallery-1-2548\" srcset=\"https:\/\/www.ossipercussion.com\/wp-content\/uploads\/Ossi_Raippalinna1-150x150.jpg 150w, https:\/\/www.ossipercussion.com\/wp-content\/uploads\/Ossi_Raippalinna1-100x100.jpg 100w\" sizes=\"auto, (max-width: 150px) 100vw, 150px\" \/><\/a>\n\t\t\t<\/dt>\n\t\t\t\t<dd class='wp-caption-text gallery-caption' id='gallery-1-2548'>\n\t\t\t\tPhoto: Ville R\u00e4ty\n\t\t\t\t<\/dd><\/dl><dl class='gallery-item'>\n\t\t\t<dt class='gallery-icon landscape'>\n\t\t\t\t<a class=\"thumbnail\" href='https:\/\/www.ossipercussion.com\/wp-content\/uploads\/Ossi-Percussion-5_kuvaaja_Cata_Portin-5.jpg'><img loading=\"lazy\" decoding=\"async\" width=\"150\" height=\"150\" src=\"https:\/\/www.ossipercussion.com\/wp-content\/uploads\/Ossi-Percussion-5_kuvaaja_Cata_Portin-5-150x150.jpg\" class=\"attachment-thumbnail size-thumbnail\" alt=\"\" aria-describedby=\"gallery-1-2570\" srcset=\"https:\/\/www.ossipercussion.com\/wp-content\/uploads\/Ossi-Percussion-5_kuvaaja_Cata_Portin-5-150x150.jpg 150w, https:\/\/www.ossipercussion.com\/wp-content\/uploads\/Ossi-Percussion-5_kuvaaja_Cata_Portin-5-100x100.jpg 100w\" sizes=\"auto, (max-width: 150px) 100vw, 150px\" \/><\/a>\n\t\t\t<\/dt>\n\t\t\t\t<dd class='wp-caption-text gallery-caption' id='gallery-1-2570'>\n\t\t\t\tPhoto: Cata Portin\n\t\t\t\t<\/dd><\/dl><dl class='gallery-item'>\n\t\t\t<dt class='gallery-icon portrait'>\n\t\t\t\t<a class=\"thumbnail\" href='https:\/\/www.ossipercussion.com\/wp-content\/uploads\/Ossi_Raippalinna_photo_Rio_Gandara-5-Large.jpg'><img loading=\"lazy\" decoding=\"async\" width=\"150\" height=\"150\" src=\"https:\/\/www.ossipercussion.com\/wp-content\/uploads\/Ossi_Raippalinna_photo_Rio_Gandara-5-Large-150x150.jpg\" class=\"attachment-thumbnail size-thumbnail\" alt=\"\" aria-describedby=\"gallery-1-3526\" srcset=\"https:\/\/www.ossipercussion.com\/wp-content\/uploads\/Ossi_Raippalinna_photo_Rio_Gandara-5-Large-150x150.jpg 150w, https:\/\/www.ossipercussion.com\/wp-content\/uploads\/Ossi_Raippalinna_photo_Rio_Gandara-5-Large-100x100.jpg 100w\" sizes=\"auto, (max-width: 150px) 100vw, 150px\" \/><\/a>\n\t\t\t<\/dt>\n\t\t\t\t<dd class='wp-caption-text gallery-caption' id='gallery-1-3526'>\n\t\t\t\tPhoto: Rio Gandara \n\t\t\t\t<\/dd><\/dl><dl class='gallery-item'>\n\t\t\t<dt class='gallery-icon portrait'>\n\t\t\t\t<a class=\"thumbnail\" href='https:\/\/www.ossipercussion.com\/wp-content\/uploads\/Ossi_Raippalinna_photo_Rio_Gandara-1-Large.jpg'><img loading=\"lazy\" decoding=\"async\" width=\"150\" height=\"150\" src=\"https:\/\/www.ossipercussion.com\/wp-content\/uploads\/Ossi_Raippalinna_photo_Rio_Gandara-1-Large-150x150.jpg\" class=\"attachment-thumbnail size-thumbnail\" alt=\"\" aria-describedby=\"gallery-1-3534\" srcset=\"https:\/\/www.ossipercussion.com\/wp-content\/uploads\/Ossi_Raippalinna_photo_Rio_Gandara-1-Large-150x150.jpg 150w, https:\/\/www.ossipercussion.com\/wp-content\/uploads\/Ossi_Raippalinna_photo_Rio_Gandara-1-Large-100x100.jpg 100w\" sizes=\"auto, (max-width: 150px) 100vw, 150px\" \/><\/a>\n\t\t\t<\/dt>\n\t\t\t\t<dd class='wp-caption-text gallery-caption' id='gallery-1-3534'>\n\t\t\t\tPhoto: Rio Gandara \n\t\t\t\t<\/dd><\/dl><br style=\"clear: both\" \/>\n\t\t<\/div>\n\n","protected":false},"excerpt":{"rendered":"<p>Nachhaltigkeit Traditionell sollen Trommeln langlebig sein und daher auch von Generation zu Generation weitergereicht werden. Auch der Respekt vor den W\u00e4ldern und der Erde, die uns das Holz schenken ist eine alte Tradition. Unsere Trommeln bauen auf diese Traditionen auf. &hellip; <a href=\"https:\/\/www.ossipercussion.com\/de\/werte\/\">Weiter<\/a><\/p>\n","protected":false},"author":1,"featured_media":0,"parent":0,"menu_order":0,"comment_status":"closed","ping_status":"closed","template":"","meta":{"kt_blocks_editor_width":"","_monsterinsights_skip_tracking":false,"_monsterinsights_sitenote_active":false,"_monsterinsights_sitenote_note":"","_monsterinsights_sitenote_category":0,"footnotes":""},"class_list":["post-2511","page","type-page","status-publish","hentry"],"_links":{"self":[{"href":"https:\/\/www.ossipercussion.com\/de\/wp-json\/wp\/v2\/pages\/2511","targetHints":{"allow":["GET"]}}],"collection":[{"href":"https:\/\/www.ossipercussion.com\/de\/wp-json\/wp\/v2\/pages"}],"about":[{"href":"https:\/\/www.ossipercussion.com\/de\/wp-json\/wp\/v2\/types\/page"}],"author":[{"embeddable":true,"href":"https:\/\/www.ossipercussion.com\/de\/wp-json\/wp\/v2\/users\/1"}],"replies":[{"embeddable":true,"href":"https:\/\/www.ossipercussion.com\/de\/wp-json\/wp\/v2\/comments?post=2511"}],"version-history":[{"count":6,"href":"https:\/\/www.ossipercussion.com\/de\/wp-json\/wp\/v2\/pages\/2511\/revisions"}],"predecessor-version":[{"id":3782,"href":"https:\/\/www.ossipercussion.com\/de\/wp-json\/wp\/v2\/pages\/2511\/revisions\/3782"}],"wp:attachment":[{"href":"https:\/\/www.ossipercussion.com\/de\/wp-json\/wp\/v2\/media?parent=2511"}],"curies":[{"name":"wp","href":"https:\/\/api.w.org\/{rel}","templated":true}]}}