{"id":149,"date":"2016-09-05T08:29:06","date_gmt":"2016-09-05T08:29:06","guid":{"rendered":"http:\/\/www.ossipercussion.com\/?page_id=149"},"modified":"2023-09-11T07:07:02","modified_gmt":"2023-09-11T07:07:02","slug":"johdantokurssi","status":"publish","type":"page","link":"https:\/\/www.ossipercussion.com\/fi\/opetus\/johdantokurssi\/","title":{"rendered":"Johdantokurssi"},"content":{"rendered":"<h4><a href=\"https:\/\/www.ossipercussion.com\/wp-content\/uploads\/DSCF2456-e1498516352381.jpg\"><img loading=\"lazy\" decoding=\"async\" class=\"size-medium wp-image-2977 alignleft\" src=\"https:\/\/www.ossipercussion.com\/wp-content\/uploads\/DSCF2456-e1498516352381-200x300.jpg\" alt=\"\" width=\"200\" height=\"300\" \/><\/a>Johdantokurssi<\/h4>\n<p style=\"text-align: justify;\">Johdantokurssin tarkoituksena on antaa hyv\u00e4t ev\u00e4\u00e4t djemberummun soiton aloittamiseen. K\u00e4ymme l\u00e4pi perusteellisesti djemben ly\u00f6ntitekniikkaa ja opettelemme peruskomppeja. Kurssi painottuu soittamiseen, mutta soiton lomassa saat my\u00f6s teoriaopetusta. Saat harjoitusmateriaalia, sek\u00e4 valikoitua djembemusiikkia eri puolilta l\u00e4nsi-afrikkaa. K\u00e4yty\u00e4si johdantokurssin saat enemm\u00e4n irti viikkotunneista. Harjulta saat rummun lainaksi, joten et tarvitse omaa.<\/p>\n<p style=\"text-align: justify;\"><span style=\"color: #808080;\">Hinta: 40\u20ac<\/span><\/p>\n<p style=\"text-align: justify;\"><span style=\"color: #808080;\">Paikka: Maailman musiikin keskus,\u00a0 H\u00e4meentie 34 D.<\/span><br \/>\n<span style=\"color: #808080;\"> Aika : sovittavissa<\/span><span style=\"color: #808080;\">\u00a0<\/span><\/p>\n<p><span style=\"color: #808080;\">\u00a0<\/span><\/p>\n<p style=\"text-align: right;\">\n<h4 style=\"text-align: right;\"><span style=\"color: #808080;\">Ilmoittaudu s\u00e4hk\u00f6postilla tai alla olevalla lomakkeella: info@ossipercussion.com<\/span><\/h4>\n<div class=\"wpforms-container wpforms-container-full\" id=\"wpforms-2642\"><form id=\"wpforms-form-2642\" class=\"wpforms-validate wpforms-form\" data-formid=\"2642\" method=\"post\" enctype=\"multipart\/form-data\" action=\"\/fi\/wp-json\/wp\/v2\/pages\/149\" data-token=\"b4435029ebddb49524477d597b8e87c9\"><noscript class=\"wpforms-error-noscript\">Please enable JavaScript in your browser to complete this form.<\/noscript><div class=\"wpforms-field-container\"><div id=\"wpforms-2642-field_0-container\" class=\"wpforms-field wpforms-field-name\" data-field-id=\"0\"><label class=\"wpforms-field-label\" for=\"wpforms-2642-field_0\">Nimi <span class=\"wpforms-required-label\">*<\/span><\/label><input type=\"text\" id=\"wpforms-2642-field_0\" class=\"wpforms-field-medium wpforms-field-required\" name=\"wpforms[fields][0]\" required><\/div><div id=\"wpforms-2642-field_1-container\" class=\"wpforms-field wpforms-field-email\" data-field-id=\"1\"><label class=\"wpforms-field-label\" for=\"wpforms-2642-field_1\">S\u00e4hk\u00f6posti <span class=\"wpforms-required-label\">*<\/span><\/label><input type=\"email\" id=\"wpforms-2642-field_1\" class=\"wpforms-field-medium wpforms-field-required\" name=\"wpforms[fields][1]\" spellcheck=\"false\" required><\/div><div id=\"wpforms-2642-field_4-container\" class=\"wpforms-field wpforms-field-number\" data-field-id=\"4\"><label class=\"wpforms-field-label\" for=\"wpforms-2642-field_4\">Puhelin <span class=\"wpforms-required-label\">*<\/span><\/label><input type=\"number\" pattern=\"\\d*\" id=\"wpforms-2642-field_4\" class=\"wpforms-field-medium wpforms-field-required\" name=\"wpforms[fields][4]\" required><\/div><div id=\"wpforms-2642-field_2-container\" class=\"wpforms-field wpforms-field-textarea\" data-field-id=\"2\"><label class=\"wpforms-field-label\" for=\"wpforms-2642-field_2\">Viesti <span class=\"wpforms-required-label\">*<\/span><\/label><textarea id=\"wpforms-2642-field_2\" class=\"wpforms-field-medium wpforms-field-required\" name=\"wpforms[fields][2]\" required><\/textarea><\/div><\/div><!-- .wpforms-field-container --><div class=\"wpforms-field wpforms-field-hp\"><label for=\"wpforms-2642-field-hp\" class=\"wpforms-field-label\">Name<\/label><input type=\"text\" name=\"wpforms[hp]\" id=\"wpforms-2642-field-hp\" class=\"wpforms-field-medium\"><\/div><div class=\"wpforms-submit-container\" ><input type=\"hidden\" name=\"wpforms[id]\" value=\"2642\"><input type=\"hidden\" name=\"wpforms[author]\" value=\"1\"><button type=\"submit\" name=\"wpforms[submit]\" id=\"wpforms-submit-2642\" class=\"wpforms-submit\" data-alt-text=\"L\u00e4hetet\u00e4\u00e4n...\" data-submit-text=\"L\u00e4het\u00e4\" aria-live=\"assertive\" value=\"wpforms-submit\">L\u00e4het\u00e4<\/button><\/div><\/form><\/div>  <!-- .wpforms-container -->\n","protected":false},"excerpt":{"rendered":"<p>Johdantokurssi Johdantokurssin tarkoituksena on antaa hyv\u00e4t ev\u00e4\u00e4t djemberummun soiton aloittamiseen. K\u00e4ymme l\u00e4pi perusteellisesti djemben ly\u00f6ntitekniikkaa ja opettelemme peruskomppeja. Kurssi painottuu soittamiseen, mutta soiton lomassa saat my\u00f6s teoriaopetusta. Saat harjoitusmateriaalia, sek\u00e4 valikoitua djembemusiikkia eri puolilta l\u00e4nsi-afrikkaa. K\u00e4yty\u00e4si johdantokurssin saat enemm\u00e4n irti &hellip; <a href=\"https:\/\/www.ossipercussion.com\/fi\/opetus\/johdantokurssi\/\">Continued<\/a><\/p>\n","protected":false},"author":1,"featured_media":0,"parent":39,"menu_order":0,"comment_status":"closed","ping_status":"closed","template":"","meta":{"kt_blocks_editor_width":"","_monsterinsights_skip_tracking":false,"_monsterinsights_sitenote_active":false,"_monsterinsights_sitenote_note":"","_monsterinsights_sitenote_category":0,"footnotes":""},"class_list":["post-149","page","type-page","status-publish","hentry"],"_links":{"self":[{"href":"https:\/\/www.ossipercussion.com\/fi\/wp-json\/wp\/v2\/pages\/149","targetHints":{"allow":["GET"]}}],"collection":[{"href":"https:\/\/www.ossipercussion.com\/fi\/wp-json\/wp\/v2\/pages"}],"about":[{"href":"https:\/\/www.ossipercussion.com\/fi\/wp-json\/wp\/v2\/types\/page"}],"author":[{"embeddable":true,"href":"https:\/\/www.ossipercussion.com\/fi\/wp-json\/wp\/v2\/users\/1"}],"replies":[{"embeddable":true,"href":"https:\/\/www.ossipercussion.com\/fi\/wp-json\/wp\/v2\/comments?post=149"}],"version-history":[{"count":20,"href":"https:\/\/www.ossipercussion.com\/fi\/wp-json\/wp\/v2\/pages\/149\/revisions"}],"predecessor-version":[{"id":5044,"href":"https:\/\/www.ossipercussion.com\/fi\/wp-json\/wp\/v2\/pages\/149\/revisions\/5044"}],"up":[{"embeddable":true,"href":"https:\/\/www.ossipercussion.com\/fi\/wp-json\/wp\/v2\/pages\/39"}],"wp:attachment":[{"href":"https:\/\/www.ossipercussion.com\/fi\/wp-json\/wp\/v2\/media?parent=149"}],"curies":[{"name":"wp","href":"https:\/\/api.w.org\/{rel}","templated":true}]}}