{"id":162,"date":"2016-09-05T08:46:52","date_gmt":"2016-09-05T08:46:52","guid":{"rendered":"http:\/\/www.ossipercussion.com\/?page_id=162"},"modified":"2018-08-03T08:51:36","modified_gmt":"2018-08-03T08:51:36","slug":"rappaavat-rummut-rumpukerho-lapsille","status":"publish","type":"page","link":"https:\/\/www.ossipercussion.com\/fi\/opetus\/rappaavat-rummut-rumpukerho-lapsille\/","title":{"rendered":"R\u00e4pp\u00e4\u00e4v\u00e4t rummut -rumpukerho lapsille"},"content":{"rendered":"<p>&nbsp;<\/p>\n<h4>Rumpukerho lapsille<\/h4>\n<p>Tutustumme djemben soittoon ja r\u00e4pp\u00e4\u00e4mme rumpurytmej\u00e4. Harjulta saat rummun lainaksi, joten et tarvitse omaa.<\/p>\n<p><span style=\"color: #808080;\">Ohjaaja: Ossi Raippalinna<\/span><br \/>\n<span style=\"color: #808080;\"> Aika: tiistaisin <\/span><span style=\"color: #808080;\">klo 17.30-18.15<\/span><br \/>\n<span style=\"color: #808080;\"> Paikka: Harjun nuorisotalo, Aleksis Kivenkatu 1<\/span><br \/>\nOsallistumismaksu: 120\u20ac \/ 10krt (yhteens\u00e4 10x45min)<\/p>\n<p>Ik\u00e4suositus: 7-12V<\/p>\n<p><span data-offset-key=\"ah4ja-0-0\"><span data-text=\"true\">\u00a0<a href=\"https:\/\/www.ossipercussion.com\/wp-content\/uploads\/trumbygge_spelar.jpg\"><img loading=\"lazy\" decoding=\"async\" class=\"alignleft size-medium wp-image-428\" src=\"https:\/\/www.ossipercussion.com\/wp-content\/uploads\/trumbygge_spelar-300x225.jpg\" alt=\"\" width=\"300\" height=\"225\" srcset=\"https:\/\/www.ossipercussion.com\/wp-content\/uploads\/trumbygge_spelar-300x225.jpg 300w, https:\/\/www.ossipercussion.com\/wp-content\/uploads\/trumbygge_spelar-400x300.jpg 400w, https:\/\/www.ossipercussion.com\/wp-content\/uploads\/trumbygge_spelar-800x600.jpg 800w, https:\/\/www.ossipercussion.com\/wp-content\/uploads\/trumbygge_spelar-768x576.jpg 768w, https:\/\/www.ossipercussion.com\/wp-content\/uploads\/trumbygge_spelar.jpg 1024w\" sizes=\"auto, (max-width: 300px) 100vw, 300px\" \/><\/a><\/span><\/span><\/p>\n<p style=\"text-align: right;\"><span style=\"color: #808080;\">info@ossipercussion.com<\/span><\/p>\n","protected":false},"excerpt":{"rendered":"<p>&nbsp; Rumpukerho lapsille Tutustumme djemben soittoon ja r\u00e4pp\u00e4\u00e4mme rumpurytmej\u00e4. Harjulta saat rummun lainaksi, joten et tarvitse omaa. Ohjaaja: Ossi Raippalinna Aika: tiistaisin klo 17.30-18.15 Paikka: Harjun nuorisotalo, Aleksis Kivenkatu 1 Osallistumismaksu: 120\u20ac \/ 10krt (yhteens\u00e4 10x45min) Ik\u00e4suositus: 7-12V \u00a0 info@ossipercussion.com<\/p>\n","protected":false},"author":1,"featured_media":0,"parent":39,"menu_order":0,"comment_status":"closed","ping_status":"closed","template":"","meta":{"kt_blocks_editor_width":"","_monsterinsights_skip_tracking":false,"_monsterinsights_sitenote_active":false,"_monsterinsights_sitenote_note":"","_monsterinsights_sitenote_category":0,"footnotes":""},"class_list":["post-162","page","type-page","status-publish","hentry"],"_links":{"self":[{"href":"https:\/\/www.ossipercussion.com\/fi\/wp-json\/wp\/v2\/pages\/162","targetHints":{"allow":["GET"]}}],"collection":[{"href":"https:\/\/www.ossipercussion.com\/fi\/wp-json\/wp\/v2\/pages"}],"about":[{"href":"https:\/\/www.ossipercussion.com\/fi\/wp-json\/wp\/v2\/types\/page"}],"author":[{"embeddable":true,"href":"https:\/\/www.ossipercussion.com\/fi\/wp-json\/wp\/v2\/users\/1"}],"replies":[{"embeddable":true,"href":"https:\/\/www.ossipercussion.com\/fi\/wp-json\/wp\/v2\/comments?post=162"}],"version-history":[{"count":12,"href":"https:\/\/www.ossipercussion.com\/fi\/wp-json\/wp\/v2\/pages\/162\/revisions"}],"predecessor-version":[{"id":3671,"href":"https:\/\/www.ossipercussion.com\/fi\/wp-json\/wp\/v2\/pages\/162\/revisions\/3671"}],"up":[{"embeddable":true,"href":"https:\/\/www.ossipercussion.com\/fi\/wp-json\/wp\/v2\/pages\/39"}],"wp:attachment":[{"href":"https:\/\/www.ossipercussion.com\/fi\/wp-json\/wp\/v2\/media?parent=162"}],"curies":[{"name":"wp","href":"https:\/\/api.w.org\/{rel}","templated":true}]}}