{"id":167,"date":"2016-09-05T08:55:35","date_gmt":"2016-09-05T08:55:35","guid":{"rendered":"http:\/\/www.ossipercussion.com\/?page_id=167"},"modified":"2016-09-05T08:55:35","modified_gmt":"2016-09-05T08:55:35","slug":"rummunrakennuskurssi-rakenna-oma-djembe-ja-soita-sita","status":"publish","type":"page","link":"https:\/\/www.ossipercussion.com\/fi\/rummunrakennuskurssi-rakenna-oma-djembe-ja-soita-sita\/","title":{"rendered":"Rummunrakennuskurssi \u2013 Rakenna oma djembe ja soita sit\u00e4!"},"content":{"rendered":"<p style=\"text-align: justify;\">\n<p style=\"text-align: justify;\">Seuraava kurssi j\u00e4rjestet\u00e4\u00e4n yhteisty\u00f6ss\u00e4 Sibeliusakatemian kanssa.<\/p>\n<p style=\"text-align: justify;\">\n<p style=\"text-align: justify;\">\n<h4 style=\"text-align: center;\">pe-la 25 &#8211; 26.11.2016 sek\u00e4 2 &#8211; 3.12.2016<br \/>\nKellonajat pe: 16-21 ja la: 9-17<\/h4>\n<p style=\"text-align: center;\">\n<p style=\"text-align: center;\">\n<p style=\"text-align: justify;\">Saat eteesi laadukkaan koivupuisen djembeaihion. Suunnittelet ja toteutat rummun ulkoasun ja koristeet, punot naruista virityssysteemin ja opit viritt\u00e4m\u00e4\u00e4n nahkakalvon. Kurssin ty\u00f6vaiheet: Ensimm\u00e4isen\u00e4 viikonloppuna koristelu\/koristeveisto, pintak\u00e4sittely ja kalvon viritys, toisena viikonloppuna rummun viritys ja viimeistely. Osallistuja saa valita haluamansa rumpuaihion (katso materiaalivaihtoehdot!), josta tekee sitovan materiaalitilauksen ilmoittautumisen yhteydess\u00e4. Materiaalit on opiskelijan kustannettava itse. Opetuskielen\u00e4 suomi\/englanti.<\/p>\n<p style=\"text-align: right;\">Osallistujam\u00e4\u00e4r\u00e4: max. 10 hl\u00f6\u00e4<\/p>\n<p>&nbsp;<\/p>\n<p><span style=\"color: #808080;\">Materiaalivaihtoehdot:<\/span><\/p>\n<p>1) Pienen djemben rakennussetti \u2013 Materiaalimaksu 190 \u20ac sis\u00e4lt\u00e4\u00e4:<br \/>\nSorvatun koivupuisen rumpuaihion, korkeus n. 30 cm \/ halkaisija n. 15cm, metallivanteet, nylonk\u00f6ydet, pintak\u00e4sittelyaineen, lehm\u00e4n-\/vuohennahkakalvon<\/p>\n<p>2) Keskikokoisen djemben rakennussetti \u2013 Materiaalimaksu 250 \u20ac sis\u00e4lt\u00e4\u00e4:<br \/>\nSorvatun koivupuisen rumpuaihion, korkeus n. 45 cm \/ halkaisija n. 20 cm,metallivanteet, nylonk\u00f6ydet, pintak\u00e4sittelyaineen, lehm\u00e4n-\/vuohennahkakalvon<\/p>\n<p>3) Ison djemben rakennussetti \u2013 Materiaalimaksu 320 \u20ac sis\u00e4lt\u00e4\u00e4:<br \/>\nSorvatun koivupuisen rumpuaihion, korkeus n. 60-65 cm \/ halkaisija n. 30 cm, metallivanteet, nylonk\u00f6ydet, pintak\u00e4sittelyaineen, lehm\u00e4n-\/vuohennahkakalvon<\/p>\n<p>*) Mahdollisuus my\u00f6s dundun-bassorummun rakennukseen kurssin puitteissa.<br \/>\n**) Voit halutessasi tiedustella my\u00f6s muita puulajeja.<\/p>\n<p><img loading=\"lazy\" decoding=\"async\" class=\"alignright size-full wp-image-168\" src=\"http:\/\/www.ossipercussion.com\/wp-content\/uploads\/rakennaomdjembe.jpg\" alt=\"rakennaomdjembe\" width=\"150\" height=\"200\" \/><\/p>\n<p>&nbsp;<\/p>\n<p>&nbsp;<\/p>\n<p><span style=\"color: #808080;\">Materiaalipaketit:<\/span><\/p>\n<p>Iso djembe:<br \/>\nPaketti sis\u00e4lt\u00e4\u00e4 laadukkaat materiaalit; ammattilaisen sorvaaman koivupuisen aihion (korkeus n.60cm), kolme ter\u00e4svannetta, kest\u00e4v\u00e4t nylon-narut, pintak\u00e4sittelyaineen, sek\u00e4 vuohennahkakalvon.<\/p>\n<p>Pieni djembe:<br \/>\nPaketti sis\u00e4lt\u00e4\u00e4 laadukkaat materiaalit; ammattilaisen sorvaaman koivupuisen aihion (korkeus n.30cm), kolme ter\u00e4svannetta, kest\u00e4v\u00e4t nylon-narut, pintak\u00e4sittelyaineen, sek\u00e4 vuohennahkakalvon.<\/p>\n<p style=\"text-align: right;\">\n<p style=\"text-align: right;\">\n<p style=\"text-align: right;\">\n<p style=\"text-align: right;\">\n<p style=\"text-align: right;\">\n<p style=\"text-align: right;\">\n<p style=\"text-align: right;\"><span style=\"color: #808080;\">Lis\u00e4tietoja kurssin sis\u00e4ll\u00f6st\u00e4 ja materiaaleista kurssin opettajalta:<\/span><br \/>\n<span style=\"color: #808080;\"> Ossi Raippalinna<\/span><br \/>\n<span style=\"color: #808080;\"> info(\u00e4t)ossipercussion.com<\/span><br \/>\n<span style=\"color: #808080;\"> 040 7438906<\/span><br \/>\n<span style=\"color: #808080;\"> http:\/\/www.ossipercussion.com<\/span><\/p>\n","protected":false},"excerpt":{"rendered":"<p>Seuraava kurssi j\u00e4rjestet\u00e4\u00e4n yhteisty\u00f6ss\u00e4 Sibeliusakatemian kanssa. pe-la 25 &#8211; 26.11.2016 sek\u00e4 2 &#8211; 3.12.2016 Kellonajat pe: 16-21 ja la: 9-17 Saat eteesi laadukkaan koivupuisen djembeaihion. Suunnittelet ja toteutat rummun ulkoasun ja koristeet, punot naruista virityssysteemin ja opit viritt\u00e4m\u00e4\u00e4n nahkakalvon. Kurssin &hellip; <a href=\"https:\/\/www.ossipercussion.com\/fi\/rummunrakennuskurssi-rakenna-oma-djembe-ja-soita-sita\/\">Continued<\/a><\/p>\n","protected":false},"author":1,"featured_media":0,"parent":0,"menu_order":0,"comment_status":"closed","ping_status":"closed","template":"","meta":{"kt_blocks_editor_width":"","_monsterinsights_skip_tracking":false,"_monsterinsights_sitenote_active":false,"_monsterinsights_sitenote_note":"","_monsterinsights_sitenote_category":0,"footnotes":""},"class_list":["post-167","page","type-page","status-publish","hentry"],"_links":{"self":[{"href":"https:\/\/www.ossipercussion.com\/fi\/wp-json\/wp\/v2\/pages\/167","targetHints":{"allow":["GET"]}}],"collection":[{"href":"https:\/\/www.ossipercussion.com\/fi\/wp-json\/wp\/v2\/pages"}],"about":[{"href":"https:\/\/www.ossipercussion.com\/fi\/wp-json\/wp\/v2\/types\/page"}],"author":[{"embeddable":true,"href":"https:\/\/www.ossipercussion.com\/fi\/wp-json\/wp\/v2\/users\/1"}],"replies":[{"embeddable":true,"href":"https:\/\/www.ossipercussion.com\/fi\/wp-json\/wp\/v2\/comments?post=167"}],"version-history":[{"count":3,"href":"https:\/\/www.ossipercussion.com\/fi\/wp-json\/wp\/v2\/pages\/167\/revisions"}],"predecessor-version":[{"id":171,"href":"https:\/\/www.ossipercussion.com\/fi\/wp-json\/wp\/v2\/pages\/167\/revisions\/171"}],"wp:attachment":[{"href":"https:\/\/www.ossipercussion.com\/fi\/wp-json\/wp\/v2\/media?parent=167"}],"curies":[{"name":"wp","href":"https:\/\/api.w.org\/{rel}","templated":true}]}}