{"id":172,"date":"2016-09-05T09:04:32","date_gmt":"2016-09-05T09:04:32","guid":{"rendered":"http:\/\/www.ossipercussion.com\/?page_id=172"},"modified":"2023-09-11T18:57:33","modified_gmt":"2023-09-11T18:57:33","slug":"viikkotunnit","status":"publish","type":"page","link":"https:\/\/www.ossipercussion.com\/fi\/opetus\/viikkotunnit\/","title":{"rendered":"Viikkotunnit"},"content":{"rendered":"<h4>Djembe viikkotunnit <span data-offset-key=\"ah4ja-0-0\"><span data-text=\"true\">tiistaisin 5.9.-5.12.2023<a href=\"https:\/\/www.ossipercussion.com\/wp-content\/uploads\/DSCF2459.jpg\"><img loading=\"lazy\" decoding=\"async\" class=\"size-medium wp-image-2981 alignleft\" src=\"https:\/\/www.ossipercussion.com\/wp-content\/uploads\/DSCF2459-300x200.jpg\" alt=\"\" width=\"300\" height=\"200\" srcset=\"https:\/\/www.ossipercussion.com\/wp-content\/uploads\/DSCF2459-300x200.jpg 300w, https:\/\/www.ossipercussion.com\/wp-content\/uploads\/DSCF2459-scaled-400x267.jpg 400w, https:\/\/www.ossipercussion.com\/wp-content\/uploads\/DSCF2459-scaled-800x533.jpg 800w, https:\/\/www.ossipercussion.com\/wp-content\/uploads\/DSCF2459-768x512.jpg 768w, https:\/\/www.ossipercussion.com\/wp-content\/uploads\/DSCF2459-1024x683.jpg 1024w\" sizes=\"auto, (max-width: 300px) 100vw, 300px\" \/><\/a><br \/>\n<\/span><\/span><\/h4>\n<p>Soitamme l\u00e4nsiafrikkalaisia rytmikokonaisuuksia Djembe- ja Dundun-rummuilla.<br \/>\nKaikentasoisille soittajille, nuorille ja aikuisille. Lainadjembej\u00e4 l\u00f6ytyy, ilmoitathan mik\u00e4li tarvitset lainarummun. Opettajina kokeneet Issa Dembele ja Ossi Raippalinna.<\/p>\n<p>Alkeet\/jatko : tiistaisin klo 18-19<\/p>\n<p><span style=\"color: #808080;\">Paikka: Maailman musiikin keskus, H\u00e4meentie 34 D.<\/span><br \/>\n<span style=\"color: #808080;\">Osallistumismaksu: 130\u20ac\u00a0 \u00a0(yhteens\u00e4 13x60min, viikolla 42 ei tuntia syysloman vuoksi<strong>)<\/strong><\/span><\/p>\n<p style=\"text-align: right;\"><span style=\"color: #808080;\">Ilmoittaudu 4.9. menness\u00e4 info \u00e4t ossipercussion.com<\/span><\/p>\n","protected":false},"excerpt":{"rendered":"<p>Djembe viikkotunnit tiistaisin 5.9.-5.12.2023 Soitamme l\u00e4nsiafrikkalaisia rytmikokonaisuuksia Djembe- ja Dundun-rummuilla. Kaikentasoisille soittajille, nuorille ja aikuisille. Lainadjembej\u00e4 l\u00f6ytyy, ilmoitathan mik\u00e4li tarvitset lainarummun. Opettajina kokeneet Issa Dembele ja Ossi Raippalinna. Alkeet\/jatko : tiistaisin klo 18-19 Paikka: Maailman musiikin keskus, H\u00e4meentie 34 D. &hellip; <a href=\"https:\/\/www.ossipercussion.com\/fi\/opetus\/viikkotunnit\/\">Continued<\/a><\/p>\n","protected":false},"author":1,"featured_media":0,"parent":39,"menu_order":0,"comment_status":"closed","ping_status":"closed","template":"","meta":{"kt_blocks_editor_width":"","_monsterinsights_skip_tracking":false,"_monsterinsights_sitenote_active":false,"_monsterinsights_sitenote_note":"","_monsterinsights_sitenote_category":0,"footnotes":""},"class_list":["post-172","page","type-page","status-publish","hentry"],"_links":{"self":[{"href":"https:\/\/www.ossipercussion.com\/fi\/wp-json\/wp\/v2\/pages\/172","targetHints":{"allow":["GET"]}}],"collection":[{"href":"https:\/\/www.ossipercussion.com\/fi\/wp-json\/wp\/v2\/pages"}],"about":[{"href":"https:\/\/www.ossipercussion.com\/fi\/wp-json\/wp\/v2\/types\/page"}],"author":[{"embeddable":true,"href":"https:\/\/www.ossipercussion.com\/fi\/wp-json\/wp\/v2\/users\/1"}],"replies":[{"embeddable":true,"href":"https:\/\/www.ossipercussion.com\/fi\/wp-json\/wp\/v2\/comments?post=172"}],"version-history":[{"count":16,"href":"https:\/\/www.ossipercussion.com\/fi\/wp-json\/wp\/v2\/pages\/172\/revisions"}],"predecessor-version":[{"id":5046,"href":"https:\/\/www.ossipercussion.com\/fi\/wp-json\/wp\/v2\/pages\/172\/revisions\/5046"}],"up":[{"embeddable":true,"href":"https:\/\/www.ossipercussion.com\/fi\/wp-json\/wp\/v2\/pages\/39"}],"wp:attachment":[{"href":"https:\/\/www.ossipercussion.com\/fi\/wp-json\/wp\/v2\/media?parent=172"}],"curies":[{"name":"wp","href":"https:\/\/api.w.org\/{rel}","templated":true}]}}