{"id":191,"date":"2016-09-05T10:06:41","date_gmt":"2016-09-05T10:06:41","guid":{"rendered":"http:\/\/www.ossipercussion.com\/?page_id=191"},"modified":"2019-03-28T06:31:30","modified_gmt":"2019-03-28T06:31:30","slug":"tekijat","status":"publish","type":"page","link":"https:\/\/www.ossipercussion.com\/fi\/tarina\/tekijat\/","title":{"rendered":"Tekij\u00e4t"},"content":{"rendered":"<h4 style=\"text-align: justify;\">Ossi Raippalinna<\/h4>\n<p style=\"text-align: justify; padding-left: 30px;\">Perkussionisti, soitinrakentaja Ossi Raippalinna on erikoistunut perinteiseen afrikkalaiseen rytmiikkaan ja soittimiin. H\u00e4n soittaa, rakentaa ja korjaa rumpuja, kuten djembe, dundun, sabar, puhuva rumpu jne. Muusikkona h\u00e4net tunnetaan esimerkiksi Faso Kan yhtyeest\u00e4, Raka Bananer lastenmusiikkib\u00e4ndist\u00e4, Magulamberre bandist\u00e4, Vistosta ja lukuisista muista. H\u00e4n on my\u00f6s opettanut afrikkalaista rummutusta ja s\u00e4est\u00e4nyt afrikkalaista tanssia vuodesta 2006 l\u00e4htien. Ossi on saanut oppinsa l\u00e4nsiafrikkalaisilta mestareilta. H\u00e4n on opiskellut djembemusiikkia ja soitinrakennusta mm. Senegalissa, Burkina Fasossa ja Malissa.<\/p>\n<h4 style=\"text-align: justify;\">Tuukka V\u00e4nsk\u00e4<\/h4>\n<p style=\"text-align: justify; padding-left: 30px;\">Puualan artesaani Tuukka V\u00e4nsk\u00e4 ty\u00f6skentelee verstaallamme jo nelj\u00e4tt\u00e4 vuotta. H\u00e4n valmistui oppisopimuksella ly\u00f6m\u00e4soitinrakentajaksi vuonna 2018.<\/p>\n\n\t\t<style type=\"text\/css\">\n\t\t\t#gallery-1 {\n\t\t\t\tmargin: auto;\n\t\t\t}\n\t\t\t#gallery-1 .gallery-item {\n\t\t\t\tfloat: left;\n\t\t\t\tmargin-top: 10px;\n\t\t\t\ttext-align: center;\n\t\t\t\twidth: 33%;\n\t\t\t}\n\t\t\t#gallery-1 img {\n\t\t\t\tborder: 2px solid #cfcfcf;\n\t\t\t}\n\t\t\t#gallery-1 .gallery-caption {\n\t\t\t\tmargin-left: 0;\n\t\t\t}\n\t\t\t\/* see gallery_shortcode() in wp-includes\/media.php *\/\n\t\t<\/style>\n\t\t<div id='gallery-1' class='gallery galleryid-191 gallery-columns-3 gallery-size-thumbnail'><dl class='gallery-item'>\n\t\t\t<dt class='gallery-icon portrait'>\n\t\t\t\t<a class=\"thumbnail\" href='https:\/\/www.ossipercussion.com\/wp-content\/uploads\/IMG_5602-scaled.jpg'><img loading=\"lazy\" decoding=\"async\" width=\"150\" height=\"150\" src=\"https:\/\/www.ossipercussion.com\/wp-content\/uploads\/IMG_5602-150x150.jpg\" class=\"attachment-thumbnail size-thumbnail\" alt=\"\" aria-describedby=\"gallery-1-315\" srcset=\"https:\/\/www.ossipercussion.com\/wp-content\/uploads\/IMG_5602-150x150.jpg 150w, https:\/\/www.ossipercussion.com\/wp-content\/uploads\/IMG_5602-scaled-100x100.jpg 100w\" sizes=\"auto, (max-width: 150px) 100vw, 150px\" \/><\/a>\n\t\t\t<\/dt>\n\t\t\t\t<dd class='wp-caption-text gallery-caption' id='gallery-1-315'>\n\t\t\t\tOssi Raippalinna\n\t\t\t\t<\/dd><\/dl><dl class='gallery-item'>\n\t\t\t<dt class='gallery-icon portrait'>\n\t\t\t\t<a class=\"thumbnail\" href='https:\/\/www.ossipercussion.com\/wp-content\/uploads\/Tuukka_V\u00e4nsk\u00e4_drum_builder-scaled.jpg'><img loading=\"lazy\" decoding=\"async\" width=\"150\" height=\"150\" src=\"https:\/\/www.ossipercussion.com\/wp-content\/uploads\/Tuukka_V\u00e4nsk\u00e4_drum_builder-150x150.jpg\" class=\"attachment-thumbnail size-thumbnail\" alt=\"\" aria-describedby=\"gallery-1-3015\" srcset=\"https:\/\/www.ossipercussion.com\/wp-content\/uploads\/Tuukka_V\u00e4nsk\u00e4_drum_builder-150x150.jpg 150w, https:\/\/www.ossipercussion.com\/wp-content\/uploads\/Tuukka_V\u00e4nsk\u00e4_drum_builder-scaled-100x100.jpg 100w\" sizes=\"auto, (max-width: 150px) 100vw, 150px\" \/><\/a>\n\t\t\t<\/dt>\n\t\t\t\t<dd class='wp-caption-text gallery-caption' id='gallery-1-3015'>\n\t\t\t\tTuukka V\u00e4nsk\u00e4\n\t\t\t\t<\/dd><\/dl>\n\t\t\t<br style='clear: both' \/>\n\t\t<\/div>\n\n<p style=\"text-align: justify;\">\n","protected":false},"excerpt":{"rendered":"<p>Ossi Raippalinna Perkussionisti, soitinrakentaja Ossi Raippalinna on erikoistunut perinteiseen afrikkalaiseen rytmiikkaan ja soittimiin. H\u00e4n soittaa, rakentaa ja korjaa rumpuja, kuten djembe, dundun, sabar, puhuva rumpu jne. Muusikkona h\u00e4net tunnetaan esimerkiksi Faso Kan yhtyeest\u00e4, Raka Bananer lastenmusiikkib\u00e4ndist\u00e4, Magulamberre bandist\u00e4, Vistosta ja &hellip; <a href=\"https:\/\/www.ossipercussion.com\/fi\/tarina\/tekijat\/\">Continued<\/a><\/p>\n","protected":false},"author":1,"featured_media":0,"parent":60,"menu_order":0,"comment_status":"closed","ping_status":"closed","template":"","meta":{"kt_blocks_editor_width":"","_monsterinsights_skip_tracking":false,"_monsterinsights_sitenote_active":false,"_monsterinsights_sitenote_note":"","_monsterinsights_sitenote_category":0,"footnotes":""},"class_list":["post-191","page","type-page","status-publish","hentry"],"_links":{"self":[{"href":"https:\/\/www.ossipercussion.com\/fi\/wp-json\/wp\/v2\/pages\/191","targetHints":{"allow":["GET"]}}],"collection":[{"href":"https:\/\/www.ossipercussion.com\/fi\/wp-json\/wp\/v2\/pages"}],"about":[{"href":"https:\/\/www.ossipercussion.com\/fi\/wp-json\/wp\/v2\/types\/page"}],"author":[{"embeddable":true,"href":"https:\/\/www.ossipercussion.com\/fi\/wp-json\/wp\/v2\/users\/1"}],"replies":[{"embeddable":true,"href":"https:\/\/www.ossipercussion.com\/fi\/wp-json\/wp\/v2\/comments?post=191"}],"version-history":[{"count":11,"href":"https:\/\/www.ossipercussion.com\/fi\/wp-json\/wp\/v2\/pages\/191\/revisions"}],"predecessor-version":[{"id":3852,"href":"https:\/\/www.ossipercussion.com\/fi\/wp-json\/wp\/v2\/pages\/191\/revisions\/3852"}],"up":[{"embeddable":true,"href":"https:\/\/www.ossipercussion.com\/fi\/wp-json\/wp\/v2\/pages\/60"}],"wp:attachment":[{"href":"https:\/\/www.ossipercussion.com\/fi\/wp-json\/wp\/v2\/media?parent=191"}],"curies":[{"name":"wp","href":"https:\/\/api.w.org\/{rel}","templated":true}]}}