{"id":39,"date":"2016-09-01T19:54:57","date_gmt":"2016-09-01T19:54:57","guid":{"rendered":"http:\/\/www.ossipercussion.com\/?page_id=39"},"modified":"2023-08-18T13:17:44","modified_gmt":"2023-08-18T13:17:44","slug":"opetus","status":"publish","type":"page","link":"https:\/\/www.ossipercussion.com\/fi\/opetus\/","title":{"rendered":"Opetus"},"content":{"rendered":"<p><img loading=\"lazy\" decoding=\"async\" class=\"alignright size-full wp-image-213\" src=\"https:\/\/www.ossipercussion.com\/wp-content\/uploads\/ossiopettaja.jpg\" alt=\"ossiopettaja\" width=\"295\" height=\"300\" \/>Anke dj\u00e9, anke b\u00e9 &#8211; Kokoontukaamme rauhassa<strong><br \/>\n<\/strong><\/p>\n<h4><strong>Djembekurssit Maailman musiikin keskuksessa:<\/strong><\/h4>\n<ul>\n<li><a href=\"https:\/\/www.ossipercussion.com\/fi\/opetus\/viikkotunnit\/\">Viikkotunnit 5.9. &#8211; 5.12.2023<\/a><\/li>\n<\/ul>\n<p>Tilaa kurssi:<\/p>\n<ul>\n<li>Rummunrakennuskurssi \u2013 Rakenna oma djembe ja soita sit\u00e4!<\/li>\n<li>\u201dKuinka k\u00e4yt\u00e4n djembe\u00e4 kouluopetuksessa &#8211; viikonloppukurssi musiikinopettajille \u201d<\/li>\n<li>Kes\u00e4leirit<\/li>\n<li>Tilaisuuteesi r\u00e4\u00e4t\u00e4l\u00f6idyt Djembekurssit:<\/li>\n<li>Kurssit kouluissa, festivaaleilla, juhlissa, ty\u00f6pajat,<\/li>\n<li>\u201dTeam building by drumming\u201d\u00a0 -yritystilaisuudet.<\/li>\n<\/ul>\n<p><strong>Ossi Raippalinna<\/strong><\/p>\n<p>on kokenut rummutuksen opettaja, h\u00e4n on opettanut satoja oppilaita vuodesta 2006 l\u00e4htien. H\u00e4nen selke\u00e4t opetusmetodinsa takaavat ensikertalaisellekin iloisen ja antoisan rummutuskokemuksen. Ossi on saanut oppinsa l\u00e4nsiafrikkalaisilta mestareilta. H\u00e4n on opiskellut djembemusiikkia mm. Senegalissa, Burkina fasossa ja Malissa.<\/p>\n<p><span style=\"color: #b5b5b5;\">_____________________________________<\/span><\/p>\n<p><span style=\"color: #666699;\"><em>Oppilaiden palautetta:<\/em><\/span><\/p>\n<p><span style=\"color: #666699;\"><em>&#8220;Kannustava, selke\u00e4 opetus. Perusteellinen ja rauhallinen opetustahti. Hyv\u00e4 iloinen soittomeiniki!\u201d<\/em><\/span><br \/>\n<span style=\"color: #666699;\"><em>\u201dHauska, rento ilmapiiri ja positiivinen meininki. Ossi on yst\u00e4v\u00e4llinen ja hyv\u00e4 opettaja. T\u00e4nne on ollut aina kiva tulla!\u201d<\/em><\/span><br \/>\n<span style=\"color: #666699;\"><em>\u201dPositiivista on ollut yhdess\u00e4 soittaminen, tunnelma. Keikka oli hauska. Yhteiset kurssinp\u00e4\u00e4t\u00f6sjuhlat kiva idea!\u201d<\/em><\/span><br \/>\n<span style=\"color: #666699;\"><em>\u201dOssi on tosi miellytt\u00e4v\u00e4 persoona ja hyv\u00e4 ja rauhallinen ope. Djembeopetus on ollut erinomaista\u201d<\/em><\/span><br \/>\n<span style=\"color: #666699;\"><em>\u201dOpetus tosi hyv\u00e4\u00e4, vasta-alkajanakin p\u00e4\u00e4si hyvin mukaan ja oon oppinut tosi paljon Oli kovin maadoittavaa. Kiitos.\u201d<\/em><\/span><br \/>\n<span style=\"color: #666699;\"><em>\u201dOppilaalle jolla ei ole mink\u00e4\u00e4nlaista musiikkitaustaa, opetus on ollut erinomaista. &#8220;<\/em><\/span><\/p>\n<p><span style=\"color: #666699;\"><em>&#8220;Mummokin oppii Ossin johdolla!\u201d<\/em><\/span><\/p>\n","protected":false},"excerpt":{"rendered":"<p>Anke dj\u00e9, anke b\u00e9 &#8211; Kokoontukaamme rauhassa Djembekurssit Maailman musiikin keskuksessa: Viikkotunnit 5.9. &#8211; 5.12.2023 Tilaa kurssi: Rummunrakennuskurssi \u2013 Rakenna oma djembe ja soita sit\u00e4! \u201dKuinka k\u00e4yt\u00e4n djembe\u00e4 kouluopetuksessa &#8211; viikonloppukurssi musiikinopettajille \u201d Kes\u00e4leirit Tilaisuuteesi r\u00e4\u00e4t\u00e4l\u00f6idyt Djembekurssit: Kurssit kouluissa, festivaaleilla, &hellip; <a href=\"https:\/\/www.ossipercussion.com\/fi\/opetus\/\">Continued<\/a><\/p>\n","protected":false},"author":2,"featured_media":0,"parent":0,"menu_order":0,"comment_status":"closed","ping_status":"closed","template":"","meta":{"kt_blocks_editor_width":"","_monsterinsights_skip_tracking":false,"_monsterinsights_sitenote_active":false,"_monsterinsights_sitenote_note":"","_monsterinsights_sitenote_category":0,"footnotes":""},"class_list":["post-39","page","type-page","status-publish","hentry"],"_links":{"self":[{"href":"https:\/\/www.ossipercussion.com\/fi\/wp-json\/wp\/v2\/pages\/39","targetHints":{"allow":["GET"]}}],"collection":[{"href":"https:\/\/www.ossipercussion.com\/fi\/wp-json\/wp\/v2\/pages"}],"about":[{"href":"https:\/\/www.ossipercussion.com\/fi\/wp-json\/wp\/v2\/types\/page"}],"author":[{"embeddable":true,"href":"https:\/\/www.ossipercussion.com\/fi\/wp-json\/wp\/v2\/users\/2"}],"replies":[{"embeddable":true,"href":"https:\/\/www.ossipercussion.com\/fi\/wp-json\/wp\/v2\/comments?post=39"}],"version-history":[{"count":39,"href":"https:\/\/www.ossipercussion.com\/fi\/wp-json\/wp\/v2\/pages\/39\/revisions"}],"predecessor-version":[{"id":5031,"href":"https:\/\/www.ossipercussion.com\/fi\/wp-json\/wp\/v2\/pages\/39\/revisions\/5031"}],"wp:attachment":[{"href":"https:\/\/www.ossipercussion.com\/fi\/wp-json\/wp\/v2\/media?parent=39"}],"curies":[{"name":"wp","href":"https:\/\/api.w.org\/{rel}","templated":true}]}}