{"id":43,"date":"2016-09-01T19:55:38","date_gmt":"2016-09-01T19:55:38","guid":{"rendered":"http:\/\/www.ossipercussion.com\/?page_id=43"},"modified":"2019-03-28T07:04:37","modified_gmt":"2019-03-28T07:04:37","slug":"bandit","status":"publish","type":"page","link":"https:\/\/www.ossipercussion.com\/fi\/bandit\/","title":{"rendered":"B\u00e4ndit"},"content":{"rendered":"<p>&nbsp;<\/p>\n<h4>Faso Kan<\/h4>\n<p style=\"text-align: justify; padding-left: 30px;\"><a href=\"https:\/\/fasokan.fi\"><strong>Griottimusiikkia L\u00e4nsi-Afrikasta<\/strong><\/a><br \/>\nFaso Kan esitt\u00e4\u00e4 L\u00e4nsi-Afrikan rikkaasta musiikkiperinteest\u00e4 ponnistavaa melodista ja vauhdikasta musiikkia, joka ei j\u00e4t\u00e4 yht\u00e4k\u00e4\u00e4n yleis\u00f6\u00e4 kylm\u00e4ksi. Lavalla yhtye antaa soiton, tanssin ja laulun ilon n\u00e4ky\u00e4. Yhtyett\u00e4 johtaa burkinafasolainen, kotimaassaan palkittu balafonmestari Issa Dembele. Katso lis\u00e4tietoja sivulta:\u00a0<a href=\"https:\/\/fasokan.fi\" target=\"_blank\" rel=\"noopener\"><strong>fasokan.fi<\/strong><\/a><\/p>\n<p>&nbsp;<\/p>\n<p><a href=\"https:\/\/www.ossipercussion.com\/wp-content\/uploads\/Faso_Kan_2019.jpg\"><img loading=\"lazy\" decoding=\"async\" class=\"aligncenter size-medium wp-image-3882\" src=\"https:\/\/www.ossipercussion.com\/wp-content\/uploads\/Faso_Kan_2019-300x225.jpg\" alt=\"\" width=\"300\" height=\"225\" srcset=\"https:\/\/www.ossipercussion.com\/wp-content\/uploads\/Faso_Kan_2019-300x225.jpg 300w, https:\/\/www.ossipercussion.com\/wp-content\/uploads\/Faso_Kan_2019-400x300.jpg 400w, https:\/\/www.ossipercussion.com\/wp-content\/uploads\/Faso_Kan_2019-800x600.jpg 800w, https:\/\/www.ossipercussion.com\/wp-content\/uploads\/Faso_Kan_2019-768x576.jpg 768w, https:\/\/www.ossipercussion.com\/wp-content\/uploads\/Faso_Kan_2019-1024x768.jpg 1024w, https:\/\/www.ossipercussion.com\/wp-content\/uploads\/Faso_Kan_2019.jpg 1334w\" sizes=\"auto, (max-width: 300px) 100vw, 300px\" \/><\/a><\/p>\n<p>&nbsp;<\/p>\n<p>&nbsp;<\/p>\n","protected":false},"excerpt":{"rendered":"<p>&nbsp; Faso Kan Griottimusiikkia L\u00e4nsi-Afrikasta Faso Kan esitt\u00e4\u00e4 L\u00e4nsi-Afrikan rikkaasta musiikkiperinteest\u00e4 ponnistavaa melodista ja vauhdikasta musiikkia, joka ei j\u00e4t\u00e4 yht\u00e4k\u00e4\u00e4n yleis\u00f6\u00e4 kylm\u00e4ksi. Lavalla yhtye antaa soiton, tanssin ja laulun ilon n\u00e4ky\u00e4. Yhtyett\u00e4 johtaa burkinafasolainen, kotimaassaan palkittu balafonmestari Issa Dembele. Katso &hellip; <a href=\"https:\/\/www.ossipercussion.com\/fi\/bandit\/\">Continued<\/a><\/p>\n","protected":false},"author":2,"featured_media":0,"parent":0,"menu_order":0,"comment_status":"closed","ping_status":"closed","template":"","meta":{"kt_blocks_editor_width":"","_monsterinsights_skip_tracking":false,"_monsterinsights_sitenote_active":false,"_monsterinsights_sitenote_note":"","_monsterinsights_sitenote_category":0,"footnotes":""},"class_list":["post-43","page","type-page","status-publish","hentry"],"_links":{"self":[{"href":"https:\/\/www.ossipercussion.com\/fi\/wp-json\/wp\/v2\/pages\/43","targetHints":{"allow":["GET"]}}],"collection":[{"href":"https:\/\/www.ossipercussion.com\/fi\/wp-json\/wp\/v2\/pages"}],"about":[{"href":"https:\/\/www.ossipercussion.com\/fi\/wp-json\/wp\/v2\/types\/page"}],"author":[{"embeddable":true,"href":"https:\/\/www.ossipercussion.com\/fi\/wp-json\/wp\/v2\/users\/2"}],"replies":[{"embeddable":true,"href":"https:\/\/www.ossipercussion.com\/fi\/wp-json\/wp\/v2\/comments?post=43"}],"version-history":[{"count":9,"href":"https:\/\/www.ossipercussion.com\/fi\/wp-json\/wp\/v2\/pages\/43\/revisions"}],"predecessor-version":[{"id":3887,"href":"https:\/\/www.ossipercussion.com\/fi\/wp-json\/wp\/v2\/pages\/43\/revisions\/3887"}],"wp:attachment":[{"href":"https:\/\/www.ossipercussion.com\/fi\/wp-json\/wp\/v2\/media?parent=43"}],"curies":[{"name":"wp","href":"https:\/\/api.w.org\/{rel}","templated":true}]}}