{"id":45,"date":"2016-09-01T19:55:52","date_gmt":"2016-09-01T19:55:52","guid":{"rendered":"http:\/\/www.ossipercussion.com\/?page_id=45"},"modified":"2019-03-28T06:54:57","modified_gmt":"2019-03-28T06:54:57","slug":"palvelut","status":"publish","type":"page","link":"https:\/\/www.ossipercussion.com\/fi\/palvelut\/","title":{"rendered":"Palvelut"},"content":{"rendered":"<div class=\"main col-md-12\">\n<div class=\"entry-content\">\n<div class=\"homecontent clearfix home-margin\">\n<h4>Rumpuhuolto<\/h4>\n<p>Korjaamme kaikki k\u00e4siperkussiot ja nahkakalvoiset rummut asiantuntemuksella.<\/p>\n<ul>\n<li>Reunaviisteiden oikaisu ja uudelleenmuotoilu<\/li>\n<li>Kalvonvaihdot<\/li>\n<li>Pintak\u00e4sittelyt<\/li>\n<li>Halkeamien paikkaus<\/li>\n<li>Viritysosien korjaukset<\/li>\n<li>Varaosat ja tarvikkeet<\/li>\n<li>Nahkakalvot<a href=\"https:\/\/www.ossipercussion.com\/wp-content\/uploads\/Ossi_Percussion_conga_heads-1.jpg\"><img loading=\"lazy\" decoding=\"async\" class=\"alignright wp-image-2958 \" src=\"https:\/\/www.ossipercussion.com\/wp-content\/uploads\/Ossi_Percussion_conga_heads-1-300x169.jpg\" alt=\"\" width=\"451\" height=\"254\" srcset=\"https:\/\/www.ossipercussion.com\/wp-content\/uploads\/Ossi_Percussion_conga_heads-1-300x169.jpg 300w, https:\/\/www.ossipercussion.com\/wp-content\/uploads\/Ossi_Percussion_conga_heads-1-scaled-400x225.jpg 400w, https:\/\/www.ossipercussion.com\/wp-content\/uploads\/Ossi_Percussion_conga_heads-1-scaled-800x450.jpg 800w, https:\/\/www.ossipercussion.com\/wp-content\/uploads\/Ossi_Percussion_conga_heads-1-768x432.jpg 768w, https:\/\/www.ossipercussion.com\/wp-content\/uploads\/Ossi_Percussion_conga_heads-1-1024x576.jpg 1024w\" sizes=\"auto, (max-width: 451px) 100vw, 451px\" \/><\/a><\/li>\n<\/ul>\n<p>&nbsp;<\/p>\n<h4>Vuokraa meilt\u00e4 perkussiot:<\/h4>\n<p>Ossi-Percussion Djembet, Bongot, Dundunit, Puhuvat rummut, Isot bassorummut, shamaanirummut jne<\/p>\n<h4>Tilausty\u00f6t:<\/h4>\n<ul>\n<li>Rumpu- ja ly\u00f6m\u00e4soitintelineet<\/li>\n<\/ul>\n<h4>Suoritamme massiivipuun sorvaust\u00f6it\u00e4 tilauksesta:<\/h4>\n<ul>\n<li>Uniikit koriste- ja k\u00e4ytt\u00f6esineet<\/li>\n<li>Massiivipuuelementit sisustukseen<\/li>\n<li>Pintak\u00e4sittelyty\u00f6t<\/li>\n<li>Puusep\u00e4n ty\u00f6t<\/li>\n<li>Metalli- ja hitsausty\u00f6t<\/li>\n<\/ul>\n\n\t\t<style type=\"text\/css\">\n\t\t\t#gallery-1 {\n\t\t\t\tmargin: auto;\n\t\t\t}\n\t\t\t#gallery-1 .gallery-item {\n\t\t\t\tfloat: left;\n\t\t\t\tmargin-top: 10px;\n\t\t\t\ttext-align: center;\n\t\t\t\twidth: 20%;\n\t\t\t}\n\t\t\t#gallery-1 img {\n\t\t\t\tborder: 2px solid #cfcfcf;\n\t\t\t}\n\t\t\t#gallery-1 .gallery-caption {\n\t\t\t\tmargin-left: 0;\n\t\t\t}\n\t\t\t\/* see gallery_shortcode() in wp-includes\/media.php *\/\n\t\t<\/style>\n\t\t<div id='gallery-1' class='gallery galleryid-45 gallery-columns-5 gallery-size-thumbnail'><dl class='gallery-item'>\n\t\t\t<dt class='gallery-icon landscape'>\n\t\t\t\t<a class=\"thumbnail\" href='https:\/\/www.ossipercussion.com\/wp-content\/uploads\/Ossi_percussion_sorvaus_ty\u00f6t-1-scaled.jpg'><img loading=\"lazy\" decoding=\"async\" width=\"150\" height=\"150\" src=\"https:\/\/www.ossipercussion.com\/wp-content\/uploads\/Ossi_percussion_sorvaus_ty\u00f6t-1-150x150.jpg\" class=\"attachment-thumbnail size-thumbnail\" alt=\"\" aria-describedby=\"gallery-1-3869\" srcset=\"https:\/\/www.ossipercussion.com\/wp-content\/uploads\/Ossi_percussion_sorvaus_ty\u00f6t-1-150x150.jpg 150w, https:\/\/www.ossipercussion.com\/wp-content\/uploads\/Ossi_percussion_sorvaus_ty\u00f6t-1-scaled-100x100.jpg 100w\" sizes=\"auto, (max-width: 150px) 100vw, 150px\" \/><\/a>\n\t\t\t<\/dt>\n\t\t\t\t<dd class='wp-caption-text gallery-caption' id='gallery-1-3869'>\n\t\t\t\tBaseball maila, visakoivua\n\t\t\t\t<\/dd><\/dl><dl class='gallery-item'>\n\t\t\t<dt class='gallery-icon portrait'>\n\t\t\t\t<a class=\"thumbnail\" href='https:\/\/www.ossipercussion.com\/wp-content\/uploads\/Ossi_percussion_sorvaus_ty\u00f6t-2-scaled.jpg'><img loading=\"lazy\" decoding=\"async\" width=\"150\" height=\"150\" src=\"https:\/\/www.ossipercussion.com\/wp-content\/uploads\/Ossi_percussion_sorvaus_ty\u00f6t-2-150x150.jpg\" class=\"attachment-thumbnail size-thumbnail\" alt=\"\" aria-describedby=\"gallery-1-3873\" srcset=\"https:\/\/www.ossipercussion.com\/wp-content\/uploads\/Ossi_percussion_sorvaus_ty\u00f6t-2-150x150.jpg 150w, https:\/\/www.ossipercussion.com\/wp-content\/uploads\/Ossi_percussion_sorvaus_ty\u00f6t-2-scaled-100x100.jpg 100w\" sizes=\"auto, (max-width: 150px) 100vw, 150px\" \/><\/a>\n\t\t\t<\/dt>\n\t\t\t\t<dd class='wp-caption-text gallery-caption' id='gallery-1-3873'>\n\t\t\t\tUurna, Jalavaa\n\t\t\t\t<\/dd><\/dl><dl class='gallery-item'>\n\t\t\t<dt class='gallery-icon portrait'>\n\t\t\t\t<a class=\"thumbnail\" href='https:\/\/www.ossipercussion.com\/wp-content\/uploads\/Ossi_percussion_sorvaus_ty\u00f6t-3-scaled.jpg'><img loading=\"lazy\" decoding=\"async\" width=\"150\" height=\"150\" src=\"https:\/\/www.ossipercussion.com\/wp-content\/uploads\/Ossi_percussion_sorvaus_ty\u00f6t-3-150x150.jpg\" class=\"attachment-thumbnail size-thumbnail\" alt=\"\" aria-describedby=\"gallery-1-3877\" srcset=\"https:\/\/www.ossipercussion.com\/wp-content\/uploads\/Ossi_percussion_sorvaus_ty\u00f6t-3-150x150.jpg 150w, https:\/\/www.ossipercussion.com\/wp-content\/uploads\/Ossi_percussion_sorvaus_ty\u00f6t-3-scaled-100x100.jpg 100w\" sizes=\"auto, (max-width: 150px) 100vw, 150px\" \/><\/a>\n\t\t\t<\/dt>\n\t\t\t\t<dd class='wp-caption-text gallery-caption' id='gallery-1-3877'>\n\t\t\t\tJakkara, jalavaa\n\t\t\t\t<\/dd><\/dl><dl class='gallery-item'>\n\t\t\t<dt class='gallery-icon portrait'>\n\t\t\t\t<a class=\"thumbnail\" href='https:\/\/www.ossipercussion.com\/wp-content\/uploads\/Ossi_percussion_sorvaus_ty\u00f6t-4-scaled.jpg'><img loading=\"lazy\" decoding=\"async\" width=\"150\" height=\"150\" src=\"https:\/\/www.ossipercussion.com\/wp-content\/uploads\/Ossi_percussion_sorvaus_ty\u00f6t-4-150x150.jpg\" class=\"attachment-thumbnail size-thumbnail\" alt=\"\" aria-describedby=\"gallery-1-3861\" srcset=\"https:\/\/www.ossipercussion.com\/wp-content\/uploads\/Ossi_percussion_sorvaus_ty\u00f6t-4-150x150.jpg 150w, https:\/\/www.ossipercussion.com\/wp-content\/uploads\/Ossi_percussion_sorvaus_ty\u00f6t-4-scaled-100x100.jpg 100w\" sizes=\"auto, (max-width: 150px) 100vw, 150px\" \/><\/a>\n\t\t\t<\/dt>\n\t\t\t\t<dd class='wp-caption-text gallery-caption' id='gallery-1-3861'>\n\t\t\t\tJakkara, vaahteraa\n\t\t\t\t<\/dd><\/dl><dl class='gallery-item'>\n\t\t\t<dt class='gallery-icon landscape'>\n\t\t\t\t<a class=\"thumbnail\" href='https:\/\/www.ossipercussion.com\/wp-content\/uploads\/Ossi_percussion_sorvaus_ty\u00f6t-5-scaled.jpg'><img loading=\"lazy\" decoding=\"async\" width=\"150\" height=\"150\" src=\"https:\/\/www.ossipercussion.com\/wp-content\/uploads\/Ossi_percussion_sorvaus_ty\u00f6t-5-150x150.jpg\" class=\"attachment-thumbnail size-thumbnail\" alt=\"\" aria-describedby=\"gallery-1-3865\" srcset=\"https:\/\/www.ossipercussion.com\/wp-content\/uploads\/Ossi_percussion_sorvaus_ty\u00f6t-5-150x150.jpg 150w, https:\/\/www.ossipercussion.com\/wp-content\/uploads\/Ossi_percussion_sorvaus_ty\u00f6t-5-scaled-100x100.jpg 100w\" sizes=\"auto, (max-width: 150px) 100vw, 150px\" \/><\/a>\n\t\t\t<\/dt>\n\t\t\t\t<dd class='wp-caption-text gallery-caption' id='gallery-1-3865'>\n\t\t\t\tLautanen, vaahteraa\n\t\t\t\t<\/dd><\/dl><br style=\"clear: both\" \/>\n\t\t<\/div>\n\n<\/div>\n<\/div>\n<\/div>\n","protected":false},"excerpt":{"rendered":"<p>Rumpuhuolto Korjaamme kaikki k\u00e4siperkussiot ja nahkakalvoiset rummut asiantuntemuksella. Reunaviisteiden oikaisu ja uudelleenmuotoilu Kalvonvaihdot Pintak\u00e4sittelyt Halkeamien paikkaus Viritysosien korjaukset Varaosat ja tarvikkeet Nahkakalvot &nbsp; Vuokraa meilt\u00e4 perkussiot: Ossi-Percussion Djembet, Bongot, Dundunit, Puhuvat rummut, Isot bassorummut, shamaanirummut jne Tilausty\u00f6t: Rumpu- ja ly\u00f6m\u00e4soitintelineet &hellip; <a href=\"https:\/\/www.ossipercussion.com\/fi\/palvelut\/\">Continued<\/a><\/p>\n","protected":false},"author":2,"featured_media":0,"parent":0,"menu_order":0,"comment_status":"closed","ping_status":"closed","template":"","meta":{"kt_blocks_editor_width":"","_monsterinsights_skip_tracking":false,"_monsterinsights_sitenote_active":false,"_monsterinsights_sitenote_note":"","_monsterinsights_sitenote_category":0,"footnotes":""},"class_list":["post-45","page","type-page","status-publish","hentry"],"_links":{"self":[{"href":"https:\/\/www.ossipercussion.com\/fi\/wp-json\/wp\/v2\/pages\/45","targetHints":{"allow":["GET"]}}],"collection":[{"href":"https:\/\/www.ossipercussion.com\/fi\/wp-json\/wp\/v2\/pages"}],"about":[{"href":"https:\/\/www.ossipercussion.com\/fi\/wp-json\/wp\/v2\/types\/page"}],"author":[{"embeddable":true,"href":"https:\/\/www.ossipercussion.com\/fi\/wp-json\/wp\/v2\/users\/2"}],"replies":[{"embeddable":true,"href":"https:\/\/www.ossipercussion.com\/fi\/wp-json\/wp\/v2\/comments?post=45"}],"version-history":[{"count":18,"href":"https:\/\/www.ossipercussion.com\/fi\/wp-json\/wp\/v2\/pages\/45\/revisions"}],"predecessor-version":[{"id":3881,"href":"https:\/\/www.ossipercussion.com\/fi\/wp-json\/wp\/v2\/pages\/45\/revisions\/3881"}],"wp:attachment":[{"href":"https:\/\/www.ossipercussion.com\/fi\/wp-json\/wp\/v2\/media?parent=45"}],"curies":[{"name":"wp","href":"https:\/\/api.w.org\/{rel}","templated":true}]}}