{"id":60,"date":"2016-09-01T20:47:00","date_gmt":"2016-09-01T20:47:00","guid":{"rendered":"http:\/\/www.ossipercussion.com\/?page_id=60"},"modified":"2017-06-26T17:47:08","modified_gmt":"2017-06-26T17:47:08","slug":"tarina","status":"publish","type":"page","link":"https:\/\/www.ossipercussion.com\/fi\/tarina\/","title":{"rendered":"Tarina"},"content":{"rendered":"<p>Ossi-perkussiot valmistetaan k\u00e4sity\u00f6n\u00e4 suomalaisesta puusta. Niiss\u00e4 yhdistyv\u00e4t l\u00e4nsiafrikkalainen perinnetieto, suomalainen puuosaaminen sek\u00e4 kest\u00e4v\u00e4n kehityksen arvot.\u00a0\u00a0 <a href=\"https:\/\/youtu.be\/p6rlcPw0-Ns\" target=\"_blank\" rel=\"noopener noreferrer\">Katso video: The story of Ossi Percussion<\/a><\/p>\n<h5>Uusi l\u00e4hestymistapa \u2013 soundin ehdoilla<\/h5>\n<p style=\"padding-left: 30px;\">Rumpu on kokonaisuus, jossa kaikki materiaalit ja ty\u00f6vaiheet vaikuttavat sointiin. Olen kehitt\u00e4nyt valmistusmenetelm\u00e4n, joka poikkeaa vallalla olevasta liimapuutekniikasta. Ossi-perkussiot ovat aina yhdest\u00e4 puusta kokonaisena sorvattuja, niiss\u00e4 ei ole liimasaumoja eik\u00e4 reiki\u00e4.\u00a0T\u00e4m\u00e4n ansiosta rummun runko v\u00e4r\u00e4htelee kokonaisena kappaleena, kuten alkuper\u00e4iset afrikkalaiset esikuvansa.<\/p>\n<h5>Kest\u00e4v\u00e4n kehityksen arvot<\/h5>\n<p style=\"padding-left: 30px;\">Perinteisesti n\u00e4ihin soittimiin on k\u00e4ytetty trooppisia kovapuulajeja. My\u00f6s kotimaiset puulajit kuten vaahtera, koivu ja jalava, soveltuvat tarkoitukseen erinomaisesti. Niiden kasvu on suomessa \u2013 levinn\u00e4isyysalueensa pohjoisrajalla \u2013 \u00a0melko hidasta ja siksi ne tuottavat t\u00e4\u00e4ll\u00e4 erityisen tiivist\u00e4 puumateriaalia. Kotimainen puu kest\u00e4\u00e4 soitink\u00e4yt\u00f6ss\u00e4 pohjoisen olosuhteissa hyvin, kun taas trooppiset puut halkeilevat t\u00e4\u00e4ll\u00e4 helposti. Pintak\u00e4sittelyyn k\u00e4ytet\u00e4\u00e4n ainoastaan luonnon omia aineita, kasvi\u00f6ljyj\u00e4 ja vahoja.L\u00e4nsi-Afrikan metsien hakkuut eiv\u00e4t ole kest\u00e4v\u00e4ll\u00e4 pohjalla ja aavikoituminen on jo nyt monin paikoin suuri ongelma. Laiton puukauppa rehottaa. (ks. Linkit) Metsien uudelleenistutusprojekteja toki on, mutta ne eiv\u00e4t pysty korvaamaan vanhojen puiden tuhoutumista viel\u00e4 pitk\u00e4\u00e4n aikaan.\u00a0Ossi-perkussiot valmistetaan suomalaisesta, muuten poltettavaksi joutuvasta puusta. Yht\u00e4k\u00e4\u00e4n puuta ei tarvitse kaataa rumpumateriaaliksi. Ainutlaatuinen valmistusmenetelm\u00e4 minimoi hukkapuun m\u00e4\u00e4r\u00e4n. Tukista, josta perinteinen rummunveist\u00e4j\u00e4 tekee yhden djemben, syntyy nelj\u00e4 Ossi-perkussiota. Ylij\u00e4\u00e4m\u00e4puusta valmistetaan k\u00e4ytt\u00f6esineit\u00e4, kuten kulhoja, ja purut kompostoidaan tai poltetaan energiaksi.<\/p>\n<p style=\"padding-left: 30px; text-align: center;\"><a href=\"https:\/\/youtu.be\/p6rlcPw0-Ns\" target=\"_blank\" rel=\"noopener noreferrer\">Katso video: The story of Ossi Percussion<\/a><\/p>\n\n\t\t<style type=\"text\/css\">\n\t\t\t#gallery-1 {\n\t\t\t\tmargin: auto;\n\t\t\t}\n\t\t\t#gallery-1 .gallery-item {\n\t\t\t\tfloat: left;\n\t\t\t\tmargin-top: 10px;\n\t\t\t\ttext-align: center;\n\t\t\t\twidth: 50%;\n\t\t\t}\n\t\t\t#gallery-1 img {\n\t\t\t\tborder: 2px solid #cfcfcf;\n\t\t\t}\n\t\t\t#gallery-1 .gallery-caption {\n\t\t\t\tmargin-left: 0;\n\t\t\t}\n\t\t\t\/* see gallery_shortcode() in wp-includes\/media.php *\/\n\t\t<\/style>\n\t\t<div id='gallery-1' class='gallery galleryid-60 gallery-columns-2 gallery-size-large'><dl class='gallery-item'>\n\t\t\t<dt class='gallery-icon landscape'>\n\t\t\t\t<a class=\"thumbnail\" href='https:\/\/www.ossipercussion.com\/fi\/tarina\/attachment\/op3\/'><img loading=\"lazy\" decoding=\"async\" width=\"1024\" height=\"576\" src=\"https:\/\/www.ossipercussion.com\/wp-content\/uploads\/2016\/09\/op3-1024x576.jpg\" class=\"attachment-large size-large\" alt=\"\" srcset=\"https:\/\/www.ossipercussion.com\/wp-content\/uploads\/2016\/09\/op3-1024x576.jpg 1024w, https:\/\/www.ossipercussion.com\/wp-content\/uploads\/2016\/09\/op3-400x225.jpg 400w, https:\/\/www.ossipercussion.com\/wp-content\/uploads\/2016\/09\/op3-800x450.jpg 800w, https:\/\/www.ossipercussion.com\/wp-content\/uploads\/2016\/09\/op3-300x169.jpg 300w, https:\/\/www.ossipercussion.com\/wp-content\/uploads\/2016\/09\/op3-768x432.jpg 768w, https:\/\/www.ossipercussion.com\/wp-content\/uploads\/2016\/09\/op3.jpg 1920w\" sizes=\"auto, (max-width: 1024px) 100vw, 1024px\" \/><\/a>\n\t\t\t<\/dt><\/dl><dl class='gallery-item'>\n\t\t\t<dt class='gallery-icon landscape'>\n\t\t\t\t<a class=\"thumbnail\" href='https:\/\/www.ossipercussion.com\/fi\/tarina\/attachment\/op1\/'><img loading=\"lazy\" decoding=\"async\" width=\"1024\" height=\"576\" src=\"https:\/\/www.ossipercussion.com\/wp-content\/uploads\/op1-1024x576.jpg\" class=\"attachment-large size-large\" alt=\"\" srcset=\"https:\/\/www.ossipercussion.com\/wp-content\/uploads\/op1-1024x576.jpg 1024w, https:\/\/www.ossipercussion.com\/wp-content\/uploads\/op1-400x225.jpg 400w, https:\/\/www.ossipercussion.com\/wp-content\/uploads\/op1-800x450.jpg 800w, https:\/\/www.ossipercussion.com\/wp-content\/uploads\/op1-300x169.jpg 300w, https:\/\/www.ossipercussion.com\/wp-content\/uploads\/op1-768x432.jpg 768w, https:\/\/www.ossipercussion.com\/wp-content\/uploads\/op1.jpg 1920w\" sizes=\"auto, (max-width: 1024px) 100vw, 1024px\" \/><\/a>\n\t\t\t<\/dt><\/dl><br style=\"clear: both\" \/>\n\t\t<\/div>\n\n<p>&nbsp;<\/p>\n<h5 style=\"text-align: center;\">Lue lis\u00e4\u00e4 <span style=\"color: #999999;\"><a style=\"color: #999999;\" href=\"https:\/\/www.ossipercussion.com\/tarina\/tekija\/\">tekij\u00e4st\u00e4.<\/a><\/span><\/h5>\n","protected":false},"excerpt":{"rendered":"<p>Ossi-perkussiot valmistetaan k\u00e4sity\u00f6n\u00e4 suomalaisesta puusta. Niiss\u00e4 yhdistyv\u00e4t l\u00e4nsiafrikkalainen perinnetieto, suomalainen puuosaaminen sek\u00e4 kest\u00e4v\u00e4n kehityksen arvot.\u00a0\u00a0 Katso video: The story of Ossi Percussion Uusi l\u00e4hestymistapa \u2013 soundin ehdoilla Rumpu on kokonaisuus, jossa kaikki materiaalit ja ty\u00f6vaiheet vaikuttavat sointiin. Olen kehitt\u00e4nyt valmistusmenetelm\u00e4n, &hellip; <a href=\"https:\/\/www.ossipercussion.com\/fi\/tarina\/\">Continued<\/a><\/p>\n","protected":false},"author":1,"featured_media":0,"parent":0,"menu_order":0,"comment_status":"closed","ping_status":"closed","template":"","meta":{"kt_blocks_editor_width":"","_monsterinsights_skip_tracking":false,"_monsterinsights_sitenote_active":false,"_monsterinsights_sitenote_note":"","_monsterinsights_sitenote_category":0,"footnotes":""},"class_list":["post-60","page","type-page","status-publish","hentry"],"_links":{"self":[{"href":"https:\/\/www.ossipercussion.com\/fi\/wp-json\/wp\/v2\/pages\/60","targetHints":{"allow":["GET"]}}],"collection":[{"href":"https:\/\/www.ossipercussion.com\/fi\/wp-json\/wp\/v2\/pages"}],"about":[{"href":"https:\/\/www.ossipercussion.com\/fi\/wp-json\/wp\/v2\/types\/page"}],"author":[{"embeddable":true,"href":"https:\/\/www.ossipercussion.com\/fi\/wp-json\/wp\/v2\/users\/1"}],"replies":[{"embeddable":true,"href":"https:\/\/www.ossipercussion.com\/fi\/wp-json\/wp\/v2\/comments?post=60"}],"version-history":[{"count":17,"href":"https:\/\/www.ossipercussion.com\/fi\/wp-json\/wp\/v2\/pages\/60\/revisions"}],"predecessor-version":[{"id":2831,"href":"https:\/\/www.ossipercussion.com\/fi\/wp-json\/wp\/v2\/pages\/60\/revisions\/2831"}],"wp:attachment":[{"href":"https:\/\/www.ossipercussion.com\/fi\/wp-json\/wp\/v2\/media?parent=60"}],"curies":[{"name":"wp","href":"https:\/\/api.w.org\/{rel}","templated":true}]}}