{"id":1441,"date":"2016-12-01T14:17:45","date_gmt":"2016-12-01T14:17:45","guid":{"rendered":"http:\/\/www.ossipercussion.com\/tuote\/djembemestari\/"},"modified":"2016-12-01T15:25:00","modified_gmt":"2016-12-01T15:25:00","slug":"djembemestari","status":"publish","type":"product","link":"https:\/\/www.ossipercussion.com\/fi\/tuote\/djembemestari\/","title":{"rendered":"Djembe, 13&#8243; koivu"},"content":{"rendered":"<p>Katso ja kuuntele:<\/p>\n<div class=\"entry-content-asset videofit\"><iframe loading=\"lazy\" width=\"1140\" height=\"641\" src=\"https:\/\/www.youtube.com\/embed\/hsfJap8p6FA?feature=oembed\" frameborder=\"0\" allowfullscreen><\/iframe><\/div>\n<div class=\"entry-content-asset videofit\"><iframe loading=\"lazy\" width=\"1140\" height=\"641\" src=\"https:\/\/www.youtube.com\/embed\/MZAJyF6VyRs?feature=oembed\" frameborder=\"0\" allowfullscreen><\/iframe><\/div>\n","protected":false},"excerpt":{"rendered":"<p>Customsarjan djembe on ylpeydenaiheemme. Puu valikoidaan tarkkaan n\u00e4it\u00e4 rumpuja varten, vain erityisen laadukas puumateriaali kelpaa. Jokainen djembe on yksil\u00f6, sek\u00e4 \u00e4\u00e4nens\u00e4, ett\u00e4 ulkon\u00e4k\u00f6ns\u00e4 puolesta. Halutessasi voit tilauksen yhteydess\u00e4 valita mieleisesi mallin, puulajin, virityssysteemin, kalvon, sek\u00e4 pintak\u00e4sittelyn.<br \/>\nMestaridjembe saa arvonimens\u00e4 vasta l\u00e4p\u00e4isty\u00e4\u00e4n tiukan lopputarkastuksen.<\/p>\n<p>Suomalaista koivua, vaahteraa tai jalavaa<\/p>\n<p>Custom sarjan rummut valmistetaan tilausty\u00f6n\u00e4. Ota yhteytt\u00e4 ja kerro mieltymyksist\u00e4si: info (\u00e4t) ossipercussion.com<\/p>\n","protected":false},"featured_media":336,"comment_status":"closed","ping_status":"closed","template":"","meta":{"kt_blocks_editor_width":"","_monsterinsights_skip_tracking":false,"_monsterinsights_sitenote_active":false,"_monsterinsights_sitenote_note":"","_monsterinsights_sitenote_category":0},"product_cat":[15],"product_tag":[],"class_list":["post-1441","product","type-product","status-publish","has-post-thumbnail","hentry","product_cat-djembe","pa_kalvo-vasikannahka","pa_kalvo-vuohennahka","pa_koko-l","pa_koko-m","pa_koko-s","pa_koko-xl","pa_koko-xxl","pa_puulaji-jalava","pa_puulaji-koivu","pa_puulaji-vaahtera"],"composite_virtual":false,"composite_layout":"","composite_add_to_cart_form_location":"","composite_editable_in_cart":false,"composite_sold_individually_context":"","composite_shop_price_calc":"","composite_components":[],"composite_scenarios":[],"_links":{"self":[{"href":"https:\/\/www.ossipercussion.com\/fi\/wp-json\/wp\/v2\/product\/1441","targetHints":{"allow":["GET"]}}],"collection":[{"href":"https:\/\/www.ossipercussion.com\/fi\/wp-json\/wp\/v2\/product"}],"about":[{"href":"https:\/\/www.ossipercussion.com\/fi\/wp-json\/wp\/v2\/types\/product"}],"replies":[{"embeddable":true,"href":"https:\/\/www.ossipercussion.com\/fi\/wp-json\/wp\/v2\/comments?post=1441"}],"wp:featuredmedia":[{"embeddable":true,"href":"https:\/\/www.ossipercussion.com\/fi\/wp-json\/wp\/v2\/media\/336"}],"wp:attachment":[{"href":"https:\/\/www.ossipercussion.com\/fi\/wp-json\/wp\/v2\/media?parent=1441"}],"wp:term":[{"taxonomy":"product_cat","embeddable":true,"href":"https:\/\/www.ossipercussion.com\/fi\/wp-json\/wp\/v2\/product_cat?post=1441"},{"taxonomy":"product_tag","embeddable":true,"href":"https:\/\/www.ossipercussion.com\/fi\/wp-json\/wp\/v2\/product_tag?post=1441"}],"curies":[{"name":"wp","href":"https:\/\/api.w.org\/{rel}","templated":true}]}}