{"id":1627,"date":"2016-12-01T14:17:46","date_gmt":"2016-12-01T14:17:46","guid":{"rendered":"http:\/\/www.ossipercussion.com\/tuote\/djembelaukku\/"},"modified":"2022-07-29T14:38:24","modified_gmt":"2022-07-29T14:38:24","slug":"djembelaukku","status":"publish","type":"product","link":"https:\/\/www.ossipercussion.com\/fi\/tuote\/djembelaukku\/","title":{"rendered":"Djembelaukku"},"content":{"rendered":"","protected":false},"excerpt":{"rendered":"<p>Laadukas senegalissa k\u00e4sintehty djembelaukku suojaa rumpusi sateelta ja kylm\u00e4lt\u00e4. Laukussa on vahvistetut olkahihnat, kulutusta kest\u00e4v\u00e4 ja vett\u00e4 hylkiv\u00e4 pintakangas, sek\u00e4 sis\u00e4puolella paksu vaahtomuovivuoraus.<\/p>\n<p>Laukkuun mahtuu jopa 15&#8243; djembe.<\/p>\n","protected":false},"featured_media":1628,"comment_status":"closed","ping_status":"closed","template":"","meta":{"kt_blocks_editor_width":"","_monsterinsights_skip_tracking":false,"_monsterinsights_sitenote_active":false,"_monsterinsights_sitenote_note":"","_monsterinsights_sitenote_category":0},"product_cat":[15],"product_tag":[],"class_list":["post-1627","product","type-product","status-publish","has-post-thumbnail","hentry","product_cat-djembe","pa_laukun-vari-musta","pa_laukun-vari-musta-raidalla","pa_laukun-vari-senegalin-lippu","pa_laukun-vari-sininen"],"composite_virtual":false,"composite_layout":"","composite_add_to_cart_form_location":"","composite_editable_in_cart":false,"composite_sold_individually_context":"","composite_shop_price_calc":"","composite_components":[],"composite_scenarios":[],"_links":{"self":[{"href":"https:\/\/www.ossipercussion.com\/fi\/wp-json\/wp\/v2\/product\/1627","targetHints":{"allow":["GET"]}}],"collection":[{"href":"https:\/\/www.ossipercussion.com\/fi\/wp-json\/wp\/v2\/product"}],"about":[{"href":"https:\/\/www.ossipercussion.com\/fi\/wp-json\/wp\/v2\/types\/product"}],"replies":[{"embeddable":true,"href":"https:\/\/www.ossipercussion.com\/fi\/wp-json\/wp\/v2\/comments?post=1627"}],"wp:featuredmedia":[{"embeddable":true,"href":"https:\/\/www.ossipercussion.com\/fi\/wp-json\/wp\/v2\/media\/1628"}],"wp:attachment":[{"href":"https:\/\/www.ossipercussion.com\/fi\/wp-json\/wp\/v2\/media?parent=1627"}],"wp:term":[{"taxonomy":"product_cat","embeddable":true,"href":"https:\/\/www.ossipercussion.com\/fi\/wp-json\/wp\/v2\/product_cat?post=1627"},{"taxonomy":"product_tag","embeddable":true,"href":"https:\/\/www.ossipercussion.com\/fi\/wp-json\/wp\/v2\/product_tag?post=1627"}],"curies":[{"name":"wp","href":"https:\/\/api.w.org\/{rel}","templated":true}]}}