{"id":2995,"date":"2017-04-06T08:53:06","date_gmt":"2017-04-06T08:53:06","guid":{"rendered":"https:\/\/www.ossipercussion.com\/product\/custom-bongo\/"},"modified":"2017-06-26T22:59:05","modified_gmt":"2017-06-26T22:59:05","slug":"custom-bongo","status":"publish","type":"product","link":"https:\/\/www.ossipercussion.com\/fi\/tuote\/custom-bongo\/","title":{"rendered":"Custom bongo"},"content":{"rendered":"<p>Ossi percussion<strong> solid shell<\/strong> custom bongo. K\u00e4sity\u00f6n\u00e4 valmistettu l\u00e4mp\u00f6k\u00e4sitellyst\u00e4 puusta. Valitse mieleisesi ominaisuudet alta. Uuden bongotilauksen toimitusaika on 2-4 viikkoa.\u00a0\u00a0 <a href=\"https:\/\/www.ossipercussion.com\/contact\/\">Kysy lis\u00e4\u00e4.<\/a><\/p>\n","protected":false},"excerpt":{"rendered":"<p>Ossi percussion solid shell custom bongo. K\u00e4sity\u00f6n\u00e4 valmistettu l\u00e4mp\u00f6k\u00e4sitellyst\u00e4 puusta. Valitse mieleisesi ominaisuudet alta. Uuden bongotilauksen toimitusaika on 2-4 viikkoa.\u00a0\u00a0 Kysy lis\u00e4\u00e4.<\/p>\n","protected":false},"featured_media":4056,"comment_status":"closed","ping_status":"closed","template":"","meta":{"kt_blocks_editor_width":"","_monsterinsights_skip_tracking":false,"_monsterinsights_sitenote_active":false,"_monsterinsights_sitenote_note":"","_monsterinsights_sitenote_category":0},"product_cat":[79],"product_tag":[],"class_list":["post-2995","product","type-product","status-publish","has-post-thumbnail","hentry","product_cat-custom-bongo-fi"],"composite_virtual":false,"composite_layout":"","composite_add_to_cart_form_location":"","composite_editable_in_cart":false,"composite_sold_individually_context":"","composite_shop_price_calc":"","composite_components":[],"composite_scenarios":[],"_links":{"self":[{"href":"https:\/\/www.ossipercussion.com\/fi\/wp-json\/wp\/v2\/product\/2995","targetHints":{"allow":["GET"]}}],"collection":[{"href":"https:\/\/www.ossipercussion.com\/fi\/wp-json\/wp\/v2\/product"}],"about":[{"href":"https:\/\/www.ossipercussion.com\/fi\/wp-json\/wp\/v2\/types\/product"}],"replies":[{"embeddable":true,"href":"https:\/\/www.ossipercussion.com\/fi\/wp-json\/wp\/v2\/comments?post=2995"}],"wp:featuredmedia":[{"embeddable":true,"href":"https:\/\/www.ossipercussion.com\/fi\/wp-json\/wp\/v2\/media\/4056"}],"wp:attachment":[{"href":"https:\/\/www.ossipercussion.com\/fi\/wp-json\/wp\/v2\/media?parent=2995"}],"wp:term":[{"taxonomy":"product_cat","embeddable":true,"href":"https:\/\/www.ossipercussion.com\/fi\/wp-json\/wp\/v2\/product_cat?post=2995"},{"taxonomy":"product_tag","embeddable":true,"href":"https:\/\/www.ossipercussion.com\/fi\/wp-json\/wp\/v2\/product_tag?post=2995"}],"curies":[{"name":"wp","href":"https:\/\/api.w.org\/{rel}","templated":true}]}}