{"id":223,"date":"2016-09-05T12:07:12","date_gmt":"2016-09-05T12:07:12","guid":{"rendered":"http:\/\/www.ossipercussion.com\/?page_id=223&#038;lang=sv"},"modified":"2018-12-27T21:51:49","modified_gmt":"2018-12-27T21:51:49","slug":"hantverkaren","status":"publish","type":"page","link":"https:\/\/www.ossipercussion.com\/sv\/om-oss\/hantverkaren\/","title":{"rendered":"Hantverkaren"},"content":{"rendered":"<h5><strong>Ossi Raippalinna<\/strong><\/h5>\n<p style=\"text-align: justify; padding-left: 30px;\">Slagverkaren och hantverkaren Ossi Raippalinna har specialiserat sig p\u00e5 traditionell afrikansk rytm och -instrumentl\u00e4ra. Han spelar, bygger och reparerar trummor. Som musiker medverkar han i band s\u00e5 som Faso Kan, Raka Bananer, Magulamberre bandet och Visto. Han har l\u00e4rt afrikanskt trummande och ackompanjerat dans runt Finland sedan \u00e5r 2006. Ossi har f\u00e5tt sin l\u00e4ra fr\u00e5n v\u00e4stafrikanska m\u00e4stare d\u00e5 han studerat djembemusik och instrumentbygge i Senegal, Burkina Faso och Mali.<\/p>\n<figure id=\"attachment_3535\" class=\"thumbnail wp-caption aligncenter\" style=\"width: 200px\"><a href=\"https:\/\/www.ossipercussion.com\/wp-content\/uploads\/Ossi_Raippalinna_photo_Rio_Gandara-1-Large.jpg\"><img loading=\"lazy\" decoding=\"async\" class=\"size-medium wp-image-3535\" src=\"https:\/\/www.ossipercussion.com\/wp-content\/uploads\/\/Ossi_Raippalinna_photo_Rio_Gandara-1-Large-200x300.jpg\" alt=\"\" width=\"200\" height=\"300\" srcset=\"https:\/\/www.ossipercussion.com\/wp-content\/uploads\/Ossi_Raippalinna_photo_Rio_Gandara-1-Large-200x300.jpg 200w, https:\/\/www.ossipercussion.com\/wp-content\/uploads\/Ossi_Raippalinna_photo_Rio_Gandara-1-Large-400x600.jpg 400w, https:\/\/www.ossipercussion.com\/wp-content\/uploads\/Ossi_Raippalinna_photo_Rio_Gandara-1-Large-800x1200.jpg 800w, https:\/\/www.ossipercussion.com\/wp-content\/uploads\/Ossi_Raippalinna_photo_Rio_Gandara-1-Large-768x1152.jpg 768w, https:\/\/www.ossipercussion.com\/wp-content\/uploads\/Ossi_Raippalinna_photo_Rio_Gandara-1-Large-683x1024.jpg 683w, https:\/\/www.ossipercussion.com\/wp-content\/uploads\/Ossi_Raippalinna_photo_Rio_Gandara-1-Large.jpg 1080w\" sizes=\"auto, (max-width: 200px) 100vw, 200px\" \/><\/a><figcaption class=\"caption wp-caption-text\">Photo: Rio Gandara \/ HS<\/figcaption><\/figure>\n","protected":false},"excerpt":{"rendered":"<p>Ossi Raippalinna Slagverkaren och hantverkaren Ossi Raippalinna har specialiserat sig p\u00e5 traditionell afrikansk rytm och -instrumentl\u00e4ra. Han spelar, bygger och reparerar trummor. Som musiker medverkar han i band s\u00e5 som Faso Kan, Raka Bananer, Magulamberre bandet och Visto. Han har &hellip; <a href=\"https:\/\/www.ossipercussion.com\/sv\/om-oss\/hantverkaren\/\">Continued<\/a><\/p>\n","protected":false},"author":1,"featured_media":0,"parent":218,"menu_order":0,"comment_status":"closed","ping_status":"closed","template":"","meta":{"kt_blocks_editor_width":"","_monsterinsights_skip_tracking":false,"_monsterinsights_sitenote_active":false,"_monsterinsights_sitenote_note":"","_monsterinsights_sitenote_category":0,"footnotes":""},"class_list":["post-223","page","type-page","status-publish","hentry"],"_links":{"self":[{"href":"https:\/\/www.ossipercussion.com\/sv\/wp-json\/wp\/v2\/pages\/223","targetHints":{"allow":["GET"]}}],"collection":[{"href":"https:\/\/www.ossipercussion.com\/sv\/wp-json\/wp\/v2\/pages"}],"about":[{"href":"https:\/\/www.ossipercussion.com\/sv\/wp-json\/wp\/v2\/types\/page"}],"author":[{"embeddable":true,"href":"https:\/\/www.ossipercussion.com\/sv\/wp-json\/wp\/v2\/users\/1"}],"replies":[{"embeddable":true,"href":"https:\/\/www.ossipercussion.com\/sv\/wp-json\/wp\/v2\/comments?post=223"}],"version-history":[{"count":5,"href":"https:\/\/www.ossipercussion.com\/sv\/wp-json\/wp\/v2\/pages\/223\/revisions"}],"predecessor-version":[{"id":3790,"href":"https:\/\/www.ossipercussion.com\/sv\/wp-json\/wp\/v2\/pages\/223\/revisions\/3790"}],"up":[{"embeddable":true,"href":"https:\/\/www.ossipercussion.com\/sv\/wp-json\/wp\/v2\/pages\/218"}],"wp:attachment":[{"href":"https:\/\/www.ossipercussion.com\/sv\/wp-json\/wp\/v2\/media?parent=223"}],"curies":[{"name":"wp","href":"https:\/\/api.w.org\/{rel}","templated":true}]}}