{"id":226,"date":"2016-09-05T12:09:37","date_gmt":"2016-09-05T12:09:37","guid":{"rendered":"http:\/\/www.ossipercussion.com\/?page_id=226&#038;lang=sv"},"modified":"2016-09-05T12:10:04","modified_gmt":"2016-09-05T12:10:04","slug":"slagverk","status":"publish","type":"page","link":"https:\/\/www.ossipercussion.com\/sv\/slagverk\/","title":{"rendered":"Slagverk"},"content":{"rendered":"<h4 style=\"text-align: center;\"><strong>Trummor och service<\/strong><\/h4>\n<h4 style=\"text-align: center;\">Vi erbjuder<\/h4>\n<p>&nbsp;<\/p>\n<p style=\"text-align: left;\"><strong>Kunskap<\/strong><\/p>\n<p style=\"text-align: left;\">Vi vill dela med oss v\u00e5r erfarenhet fr\u00e5n musiker till musiker och erbjuda dig de b\u00e4sta instrumenten p\u00e5 marknaden.<\/p>\n<p style=\"text-align: left;\"><strong>V\u00e4rderingar<\/strong><\/p>\n<p style=\"text-align: left;\">I den moderna v\u00e4rlden finns inga \u00f6verlopps tr\u00e4d. D\u00e4rf\u00f6r v\u00e4ljer vi att anv\u00e4nda oss av virke som annars skulle avverkas. Med respekt f\u00f6r tr\u00e4d \u00e4ldre \u00e4n oss, vill vi ge dem ett fortsatt liv i form av instrument.<\/p>\n<p style=\"text-align: left;\"><strong>Best\u00e4llningsjobb<\/strong><\/p>\n<p style=\"text-align: left;\">Vi tillverkar skr\u00e4ddarsydda trummor enligt dina \u00f6nskem\u00e5l. Trummornas m\u00e5tt, utseende och hinna \u00e4r valbara. Vi erbjuder dig m\u00f6jlighet att best\u00e4lla det exakta soundet du \u00f6nskar dig.<\/p>\n<p style=\"text-align: left;\"><strong>Trummor f\u00f6r flera generationer<\/strong><\/p>\n<p style=\"text-align: left;\">Som den urgamla afrikanska trumtraditionen, h\u00e5ller v\u00e5ra trummor en livstid och kan f\u00f6ras vidare fr\u00e5n far till son.<\/p>\n<p style=\"text-align: left;\"><strong>Personlig kundservice<\/strong><\/p>\n<p style=\"text-align: left;\">Vi har h\u00f6g standard p\u00e5 v\u00e5r service och vi \u00e4r alltid i kontakt med dig personligen och p\u00e5 ditt eget spr\u00e5k.<\/p>\n<p style=\"text-align: left;\"><strong>Reparations service <\/strong><\/p>\n<p style=\"text-align: left;\">Vi tar hand om dina instrument med professionell kunskap och omd\u00f6me.<\/p>\n<p style=\"text-align: left;\"><strong>Finskt hantverk<\/strong><\/p>\n<p style=\"text-align: left;\">F\u00f6rutom b\u00e4sta m\u00f6jliga kvalitet och ton har trummorna ocks\u00e5 en vacker och unik design.<\/p>\n<p style=\"text-align: left;\"><strong>Tr\u00e4dets saga<\/strong><\/p>\n<p style=\"text-align: left;\">Varje trumma \u00e4r speciell och har ett eget nummer. S\u00e5ledes kan du bland annat f\u00e5 reda p\u00e5 var tr\u00e4det har vuxit och dess \u00e5lder.<\/p>\n","protected":false},"excerpt":{"rendered":"<p>Trummor och service Vi erbjuder &nbsp; Kunskap Vi vill dela med oss v\u00e5r erfarenhet fr\u00e5n musiker till musiker och erbjuda dig de b\u00e4sta instrumenten p\u00e5 marknaden. V\u00e4rderingar I den moderna v\u00e4rlden finns inga \u00f6verlopps tr\u00e4d. D\u00e4rf\u00f6r v\u00e4ljer vi att anv\u00e4nda &hellip; <a href=\"https:\/\/www.ossipercussion.com\/sv\/slagverk\/\">Continued<\/a><\/p>\n","protected":false},"author":1,"featured_media":0,"parent":0,"menu_order":0,"comment_status":"closed","ping_status":"closed","template":"","meta":{"kt_blocks_editor_width":"","_monsterinsights_skip_tracking":false,"_monsterinsights_sitenote_active":false,"_monsterinsights_sitenote_note":"","_monsterinsights_sitenote_category":0,"footnotes":""},"class_list":["post-226","page","type-page","status-publish","hentry"],"_links":{"self":[{"href":"https:\/\/www.ossipercussion.com\/sv\/wp-json\/wp\/v2\/pages\/226","targetHints":{"allow":["GET"]}}],"collection":[{"href":"https:\/\/www.ossipercussion.com\/sv\/wp-json\/wp\/v2\/pages"}],"about":[{"href":"https:\/\/www.ossipercussion.com\/sv\/wp-json\/wp\/v2\/types\/page"}],"author":[{"embeddable":true,"href":"https:\/\/www.ossipercussion.com\/sv\/wp-json\/wp\/v2\/users\/1"}],"replies":[{"embeddable":true,"href":"https:\/\/www.ossipercussion.com\/sv\/wp-json\/wp\/v2\/comments?post=226"}],"version-history":[{"count":3,"href":"https:\/\/www.ossipercussion.com\/sv\/wp-json\/wp\/v2\/pages\/226\/revisions"}],"predecessor-version":[{"id":229,"href":"https:\/\/www.ossipercussion.com\/sv\/wp-json\/wp\/v2\/pages\/226\/revisions\/229"}],"wp:attachment":[{"href":"https:\/\/www.ossipercussion.com\/sv\/wp-json\/wp\/v2\/media?parent=226"}],"curies":[{"name":"wp","href":"https:\/\/api.w.org\/{rel}","templated":true}]}}