{"id":230,"date":"2016-09-05T12:17:28","date_gmt":"2016-09-05T12:17:28","guid":{"rendered":"http:\/\/www.ossipercussion.com\/?page_id=230&#038;lang=sv"},"modified":"2018-12-27T21:56:33","modified_gmt":"2018-12-27T21:56:33","slug":"kurser","status":"publish","type":"page","link":"https:\/\/www.ossipercussion.com\/sv\/kurser\/","title":{"rendered":"Kurser"},"content":{"rendered":"<div class=\"pullquote pullquote-center\">\n<h4>\u201dAnke dj\u00e9, anke b\u00e9\u201d<\/h4>\n<h5><em>L\u00e5t oss samlas i fred<\/em><\/h5>\n<\/div>\n<h4 style=\"text-align: center;\"><\/h4>\n<p style=\"text-align: center;\"><a href=\"https:\/\/www.ossipercussion.com\/opetus\/johdantokurssi\/\">Inledningskurs- djembe f\u00f6r nyb\u00f6rjare<\/a><\/p>\n<p style=\"text-align: center;\"><a href=\"https:\/\/www.ossipercussion.com\/opetus\/viikkotunnit\/\">Veckotimmar<\/a><\/p>\n<p style=\"text-align: center;\"><a href=\"https:\/\/www.ossipercussion.com\/opetus\/dundun-pienryhma\/\">Dundun liten grupp<\/a><\/p>\n<p style=\"text-align: center;\"><a href=\"https:\/\/www.ossipercussion.com\/opetus\/rappaavat-rummut-rumpukerho-lapsille\/\">R\u00e4pp\u00e4nde trummor &#8211; trumkurs f\u00f6r barn<\/a><\/p>\n<p style=\"text-align: center;\"><a href=\"https:\/\/www.ossipercussion.com\/rummunrakennuskurssi-rakenna-oma-djembe-ja-soita-sita\/\">Bygg en egen trumma!<\/a><\/p>\n<p style=\"text-align: center;\"><a href=\"https:\/\/www.ossipercussion.com\/kuinka-kaytan-djembea-kouluopetuksessa-viikonloppukurssi-musiikinopettajille\/\">Anv\u00e4nd djembe f\u00f6r undervisning- veckoslutskurs f\u00f6r musikl\u00e4rare<\/a><\/p>\n<p style=\"text-align: center;\"><a href=\"https:\/\/www.ossipercussion.com\/kesaleirit-2017\/\">Sommal\u00e4ger<\/a><\/p>\n<p style=\"text-align: center;\">Vi erbjuder, bland annat:<\/p>\n<p style=\"text-align: center;\">Kurser i skolor<\/p>\n<p style=\"text-align: center;\">Veckoslutsl\u00e4ger<\/p>\n<p style=\"text-align: center;\">Workshops<\/p>\n<p style=\"text-align: center;\">\u201cTeambuilding genom att trumma tillsammans\u201d<\/p>\n<p style=\"text-align: center;\">Skr\u00e4ddarsydda f\u00f6retagsevenemang<\/p>\n<p>&nbsp;<\/p>\n<div class=\"row\"> <div class=\"col-md-6\">\n<h5>Ossi Raippalinna<\/h5>\n<p style=\"padding-left: 30px;\">\u00e4r en mycket erfaren truml\u00e4rare, han har l\u00e4rt hundratals elever sedan \u00e5r 2006. Hans tydliga undervisningsmetoder garanterar en l\u00e4rorik och givande erfarenhet ocks\u00e5 f\u00f6r nyb\u00f6rjare. Ossi har f\u00e5tt sin l\u00e4ra av v\u00e4stafrikanska m\u00e4stare. Han har studerat djembemusik bland annat i Senegal, Burkina Faso och Mali.<\/p>\n<\/div><div class=\"col-md-6\">\n<p><img loading=\"lazy\" decoding=\"async\" class=\"alignright wp-image-2077 size-full\" src=\"https:\/\/www.ossipercussion.com\/wp-content\/uploads\/ossiopettaja.jpg\" alt=\"ossiopettaja\" width=\"295\" height=\"300\" \/><\/p>\n<\/div><\/div>\n","protected":false},"excerpt":{"rendered":"<p>Inledningskurs- djembe f\u00f6r nyb\u00f6rjare Veckotimmar Dundun liten grupp R\u00e4pp\u00e4nde trummor &#8211; trumkurs f\u00f6r barn Bygg en egen trumma! Anv\u00e4nd djembe f\u00f6r undervisning- veckoslutskurs f\u00f6r musikl\u00e4rare Sommal\u00e4ger Vi erbjuder, bland annat: Kurser i skolor Veckoslutsl\u00e4ger Workshops \u201cTeambuilding genom att trumma tillsammans\u201d &hellip; <a href=\"https:\/\/www.ossipercussion.com\/sv\/kurser\/\">Continued<\/a><\/p>\n","protected":false},"author":1,"featured_media":0,"parent":0,"menu_order":0,"comment_status":"closed","ping_status":"closed","template":"","meta":{"kt_blocks_editor_width":"","_monsterinsights_skip_tracking":false,"_monsterinsights_sitenote_active":false,"_monsterinsights_sitenote_note":"","_monsterinsights_sitenote_category":0,"footnotes":""},"class_list":["post-230","page","type-page","status-publish","hentry"],"_links":{"self":[{"href":"https:\/\/www.ossipercussion.com\/sv\/wp-json\/wp\/v2\/pages\/230","targetHints":{"allow":["GET"]}}],"collection":[{"href":"https:\/\/www.ossipercussion.com\/sv\/wp-json\/wp\/v2\/pages"}],"about":[{"href":"https:\/\/www.ossipercussion.com\/sv\/wp-json\/wp\/v2\/types\/page"}],"author":[{"embeddable":true,"href":"https:\/\/www.ossipercussion.com\/sv\/wp-json\/wp\/v2\/users\/1"}],"replies":[{"embeddable":true,"href":"https:\/\/www.ossipercussion.com\/sv\/wp-json\/wp\/v2\/comments?post=230"}],"version-history":[{"count":5,"href":"https:\/\/www.ossipercussion.com\/sv\/wp-json\/wp\/v2\/pages\/230\/revisions"}],"predecessor-version":[{"id":3793,"href":"https:\/\/www.ossipercussion.com\/sv\/wp-json\/wp\/v2\/pages\/230\/revisions\/3793"}],"wp:attachment":[{"href":"https:\/\/www.ossipercussion.com\/sv\/wp-json\/wp\/v2\/media?parent=230"}],"curies":[{"name":"wp","href":"https:\/\/api.w.org\/{rel}","templated":true}]}}